{"id":2961,"date":"2023-08-03T16:12:52","date_gmt":"2023-08-03T14:12:52","guid":{"rendered":"https:\/\/medi-lite.com\/index.php\/il-questionario-medi-lite\/"},"modified":"2023-08-04T09:48:54","modified_gmt":"2023-08-04T07:48:54","slug":"el-proyecto-medi-lite","status":"publish","type":"page","link":"https:\/\/medi-lite.com\/index.php\/el-proyecto-medi-lite\/?lang=es","title":{"rendered":"El proyecto Medi-Lite"},"content":{"rendered":"[et_pb_section fb_built=&#8221;1&#8243; fullwidth=&#8221;on&#8221; _builder_version=&#8221;4.16&#8243; background_color=&#8221;#ffffff&#8221; global_colors_info=&#8221;{}&#8221;][et_pb_fullwidth_slider _builder_version=&#8221;4.16&#8243; global_colors_info=&#8221;{}&#8221;][et_pb_slide heading=&#8221;El proyecto Medi-Lite&#8221; use_bg_overlay=&#8221;on&#8221; bg_overlay_color=&#8221;rgba(0,0,0,0.58)&#8221; use_text_overlay=&#8221;off&#8221; _builder_version=&#8221;4.16&#8243; body_font_size=&#8221;24&#8243; body_line_height=&#8221;1.8em&#8221; background_color=&#8221;rgba(0,0,0,0.42)&#8221; use_background_color_gradient=&#8221;on&#8221; background_image=&#8221;https:\/\/medi-lite.com\/wp-content\/uploads\/2019\/02\/spezie-di-pasta-fresca-pranzo-top_1220-923-1.jpg&#8221; background_position=&#8221;bottom_center&#8221; custom_button=&#8221;on&#8221; button_text_color=&#8221;#ffffff&#8221; button_bg_color=&#8221;#7c385c&#8221; button_use_icon=&#8221;on&#8221; button_icon=&#8221;&#x39;||divi||400&#8243; button_on_hover=&#8221;on&#8221; custom_padding=&#8221;100px||100px|&#8221; custom_padding_tablet=&#8221;10px||10px|&#8221; custom_padding_phone=&#8221;10px||10px|&#8221; custom_padding_last_edited=&#8221;off|desktop&#8221; body_font_size_tablet=&#8221;24&#8243; body_font_size_phone=&#8221;24&#8243; body_line_height_tablet=&#8221;2.7em&#8221; body_line_height_phone=&#8221;0.7em&#8221; global_colors_info=&#8221;{}&#8221; sticky_transition=&#8221;on&#8221;][\/et_pb_slide][\/et_pb_fullwidth_slider][\/et_pb_section][et_pb_section fb_built=&#8221;1&#8243; _builder_version=&#8221;4.16&#8243; global_colors_info=&#8221;{}&#8221;][et_pb_row _builder_version=&#8221;4.16&#8243; background_size=&#8221;initial&#8221; background_position=&#8221;top_left&#8221; background_repeat=&#8221;repeat&#8221; global_colors_info=&#8221;{}&#8221; column_structure=&#8221;1_2,1_2&#8243;][et_pb_column type=&#8221;1_2&#8243; _builder_version=&#8221;4.16&#8243; custom_padding=&#8221;|||&#8221; global_colors_info=&#8221;{}&#8221; custom_padding__hover=&#8221;|||&#8221;][et_pb_text _builder_version=&#8221;4.16&#8243; global_colors_info=&#8221;{}&#8221;]\n<h3><span style=\"color: #339966;\">El proyecto Medi-Lite<\/span><\/h3>\n<p style=\"text-align: justify;\"><span style=\"color: #000000;\">El proyecto <strong>Medi-Lite<\/strong> se inspira en el an\u00e1lisis de numerosos estudios de la literatura cient\u00edfica que han demostrado los beneficios de la dieta Mediterr\u00e1nea contra las enfermedades cr\u00f3nicas degenerativas.<\/span><\/p>\n<p style=\"text-align: justify;\"><span style=\"color: #000000;\">En las \u00faltimas d\u00e9cadas, numerosos estudios han evidenciado los efectos beneficiosos de la dieta Mediterr\u00e1nea sobre diversas enfermedades y la salud en general. A fin de determinar el grado de adherencia a la dieta Mediterr\u00e1nea, la investigaci\u00f3n en materia de nutrici\u00f3n se ha centrado en evaluar el <span style=\"text-decoration: underline;\">perfil diet\u00e9tico en su totalidad<\/span> en lugar de estudiar alimentos o grupos de alimentos por separado.<\/span><\/p>\n<p style=\"text-align: justify;\"><span style=\"color: #000000;\">Esto condujo al desarrollo de \u00edndices <strong>capaces de calcular num\u00e9ricamente la adherencia<\/strong> de una poblaci\u00f3n a la dieta Mediterr\u00e1nea.<\/span><\/p>\n<p style=\"text-align: justify;\"><span style=\"color: #000000;\">Sin embargo, estos \u00edndices de adherencia tienen importantes limitaciones, especialmente debido a que <strong>en la pr\u00e1ctica no pueden utilizarse a nivel individual<\/strong>, sino s\u00f3lo como herramienta epidemiol\u00f3gica.<\/span><\/p>\n[\/et_pb_text][\/et_pb_column][et_pb_column type=&#8221;1_2&#8243; _builder_version=&#8221;4.16&#8243; custom_padding=&#8221;|||&#8221; global_colors_info=&#8221;{}&#8221; custom_padding__hover=&#8221;|||&#8221;][et_pb_image src=&#8221;https:\/\/medi-lite.com\/wp-content\/uploads\/2019\/02\/mediterranean-diet-food-pyramid1.jpg&#8221; align_tablet=&#8221;center&#8221; align_last_edited=&#8221;on|desktop&#8221; _builder_version=&#8221;4.16&#8243; global_colors_info=&#8221;{}&#8221; align_phone=&#8221;center&#8221;]\n[\/et_pb_image][\/et_pb_column][\/et_pb_row][et_pb_row _builder_version=&#8221;4.16&#8243; background_size=&#8221;initial&#8221; background_position=&#8221;top_left&#8221; background_repeat=&#8221;repeat&#8221; global_colors_info=&#8221;{}&#8221; column_structure=&#8221;1_2,1_2&#8243;][et_pb_column type=&#8221;1_2&#8243; _builder_version=&#8221;4.16&#8243; custom_padding=&#8221;|||&#8221; global_colors_info=&#8221;{}&#8221; custom_padding__hover=&#8221;|||&#8221;][et_pb_image src=&#8221;https:\/\/medi-lite.com\/wp-content\/uploads\/2019\/02\/PHN-2013.png&#8221; align=&#8221;center&#8221; align_tablet=&#8221;center&#8221; align_last_edited=&#8221;on|desktop&#8221; _builder_version=&#8221;4.16&#8243; max_width=&#8221;88%&#8221; global_colors_info=&#8221;{}&#8221; align_phone=&#8221;center&#8221;]\n[\/et_pb_image][\/et_pb_column][et_pb_column type=&#8221;1_2&#8243; _builder_version=&#8221;4.16&#8243; custom_padding=&#8221;|||&#8221; global_colors_info=&#8221;{}&#8221; custom_padding__hover=&#8221;|||&#8221;][et_pb_text _builder_version=&#8221;4.16&#8243; global_colors_info=&#8221;{}&#8221;]\n<p style=\"text-align: justify;\">\u00a0<\/p>\n<p style=\"text-align: justify;\"><span style=\"color: #000000;\">Entre las m\u00faltiples <strong>puntuaciones de adherencia<\/strong>, la m\u00e1s utilizada en la literatura cient\u00edfica es sin duda el \u00edndice creado por la profesora Trichopoulou y sus colegas, que se basa en el consumo diario y\/o semanal de determinados alimentos definidos a <em>priori<\/em> como t\u00edpicos de la dieta Mediterr\u00e1nea. Otros investigadores tambi\u00e9n han propuesto distintas puntuaciones para determinar el grado de adherencia a la dieta Mediterr\u00e1nea de una poblaci\u00f3n determinada. <\/span><\/p>\n<p style=\"text-align: justify;\"><span style=\"color: #000000;\">De ah\u00ed surgi\u00f3 la <strong>idea de desarrollar una herramienta pr\u00e1ctica, sencilla y aplicable individualmente para evaluar la adherencia a la dieta Mediterr\u00e1nea<\/strong>, utilizando \u00fanicamente los datos disponibles en literatura sobre el consumo diario y\/o semanal de grupos de alimentos t\u00edpicos y no t\u00edpicos de la dieta Mediterr\u00e1nea.<\/span><\/p>\n<p style=\"text-align: justify;\"><span style=\"color: #000000;\">Para ello se utilizaron los datos de un metaan\u00e1lisis, es decir, un estudio cient\u00edfico que tiene en cuenta todos los estudios cient\u00edficos de la literatura sobre un tema determinado, realizado por el profesor Sofi y sus colegas en 2014 y publicado en la revista <em>Public Health Nutrition<\/em>.<\/span><\/p>\n<p style=\"text-align: justify;\"><span style=\"color: #000000;\"> El aspecto absolutamente innovador es la posibilidad de medir y cuantificar el complejo concepto de <strong>adherencia a la dieta Mediterr\u00e1nea<\/strong>, relacion\u00e1ndolo con indicadores de salud.<\/span><\/p>\n[\/et_pb_text][\/et_pb_column][\/et_pb_row][et_pb_row _builder_version=&#8221;4.16&#8243; background_size=&#8221;initial&#8221; background_position=&#8221;top_left&#8221; background_repeat=&#8221;repeat&#8221; custom_padding=&#8221;0|0px|13px|0px|false|false&#8221; global_colors_info=&#8221;{}&#8221; column_structure=&#8221;1_2,1_2&#8243;][et_pb_column type=&#8221;1_2&#8243; _builder_version=&#8221;4.16&#8243; custom_padding=&#8221;|||&#8221; global_colors_info=&#8221;{}&#8221; custom_padding__hover=&#8221;|||&#8221;][et_pb_text _builder_version=&#8221;4.16&#8243; global_colors_info=&#8221;{}&#8221;]\n<h3 style=\"text-align: justify;\"><span style=\"color: #339966;\">C\u00f3mo se calcul\u00f3<\/span><\/h3>\n<p style=\"text-align: justify;\">\u00a0<\/p>\n<p style=\"text-align: justify;\"><span style=\"color: #000000;\">En primer lugar, a partir de los estudios del metaan\u00e1lisis sobre la dieta mediterr\u00e1nea y el estado de salud publicado en 2014, se extrajeron de cada estudio los valores elegidos como puntos de corte para determinar la adherencia a la dieta Mediterr\u00e1nea.\u00a0<\/span><\/p>\n<p style=\"text-align: justify;\"><span style=\"color: #000000;\">Posteriormente, <span style=\"text-decoration: underline;\">se calcularon las medias de consumo alimentario<\/span> de todos los valores obtenidos de los estudios considerados y <span style=\"text-decoration: underline;\">los valores obtenidos se ponderaron por el n\u00famero de sujetos incluidos en cada estudio<\/span>.\u00a0<\/span><\/p>\n<p style=\"text-align: justify;\"><span style=\"color: #000000;\">Por \u00faltimo, para cada grupo de alimentos considerado en el cuestionario, se calcul\u00f3 <span style=\"text-decoration: underline;\">el valor medio de todas las medianas ponderadas a\u00f1adiendo 2 desviaciones est\u00e1ndar<\/span>. Los valores identificados por las 2 desviaciones est\u00e1ndar se redondearon y se eligieron como valores de corte para definir <strong>tres categor\u00edas de consumo para cada grupo de alimentos<\/strong>.\u00a0<\/span><\/p>\n<p style=\"text-align: justify;\"><span style=\"color: #000000;\">A partir de este c\u00e1lculo fue posible obtener los valores de consumo diario y\/o semanal de <strong>alimentos t\u00edpicos de la dieta Mediterr\u00e1nea<\/strong> (frutas, verduras, cereales, legumbres y pescado) y de <strong>alimentos no t\u00edpicos<\/strong> (carne y productos l\u00e1cteos). En el caso de los productos t\u00edpicos, se otorgaron <strong>2 puntos a la categor\u00eda de consumo m\u00e1s elevada, 1 punto a la categor\u00eda intermedia y 0 puntos a la categor\u00eda m\u00e1s baja<\/strong>.\u00a0<\/span><\/p>\n<p style=\"text-align: justify;\">\u00a0<\/p>\n[\/et_pb_text][\/et_pb_column][et_pb_column type=&#8221;1_2&#8243; _builder_version=&#8221;4.16&#8243; custom_padding=&#8221;|||&#8221; global_colors_info=&#8221;{}&#8221; custom_padding__hover=&#8221;|||&#8221;][et_pb_image src=&#8221;https:\/\/medi-lite.com\/wp-content\/uploads\/2019\/02\/Questionario-1.jpg&#8221; align_tablet=&#8221;center&#8221; align_last_edited=&#8221;on|desktop&#8221; _builder_version=&#8221;4.16&#8243; global_colors_info=&#8221;{}&#8221; align_phone=&#8221;center&#8221;]\n[\/et_pb_image][\/et_pb_column][\/et_pb_row][et_pb_row _builder_version=&#8221;4.16&#8243; background_size=&#8221;initial&#8221; background_position=&#8221;top_left&#8221; background_repeat=&#8221;repeat&#8221; global_colors_info=&#8221;{}&#8221; column_structure=&#8221;1_2,1_2&#8243;][et_pb_column type=&#8221;1_2&#8243; _builder_version=&#8221;4.16&#8243; custom_padding=&#8221;|||&#8221; global_colors_info=&#8221;{}&#8221; custom_padding__hover=&#8221;|||&#8221;][et_pb_image src=&#8221;https:\/\/medi-lite.com\/wp-content\/uploads\/2019\/02\/food-3021300_960_720.jpg&#8221; align_tablet=&#8221;center&#8221; align_last_edited=&#8221;on|desktop&#8221; _builder_version=&#8221;4.16&#8243; global_colors_info=&#8221;{}&#8221; align_phone=&#8221;center&#8221;]\n[\/et_pb_image][\/et_pb_column][et_pb_column type=&#8221;1_2&#8243; _builder_version=&#8221;4.16&#8243; custom_padding=&#8221;|||&#8221; global_colors_info=&#8221;{}&#8221; custom_padding__hover=&#8221;|||&#8221;][et_pb_text _builder_version=&#8221;4.16&#8243; global_colors_info=&#8221;{}&#8221;]\n<p style=\"text-align: justify;\">\n<p style=\"text-align: justify;\"><span style=\"color: #000000;\">En cambio, en el caso de los <strong>alimentos no t\u00edpicos de la dieta Mediterr\u00e1nea<\/strong> (carne y productos c\u00e1rnicos, y l\u00e1cteos), se otorgaron <strong>2 puntos a la ingesta m\u00e1s baja, 1 punto a la ingesta intermedia y 0 puntos a la ingesta m\u00e1s alta<\/strong>.\u00a0<\/span><\/p>\n<p style=\"text-align: justify;\"><span style=\"color: #000000;\">Para el <span style=\"text-decoration: underline;\">alcohol<\/span>, se utilizaron categor\u00edas en relaci\u00f3n con las unidades de alcohol (1 unidad de alcohol = 12 g de alcohol), otorg\u00e1ndose <strong>2 puntos para la categor\u00eda media<\/strong> (1-2 unidades de alcohol al d\u00eda) de consumo, <strong>1 punto para la categor\u00eda m\u00e1s baja<\/strong> (1 unidad de alcohol al d\u00eda) y <strong>0 puntos para la categor\u00eda m\u00e1s alta de consumo<\/strong> (&gt;2 unidades de alcohol al d\u00eda).\u00a0<\/span><\/p>\n<p style=\"text-align: justify;\"><span style=\"color: #000000;\">Por \u00faltimo, se asignaron <strong>2 puntos al uso regular de aceite de oliva<\/strong>, <strong>1 punto al uso frecuente y 0 puntos al uso ocasional<\/strong>. \u00a0<\/span><\/p>\n<p style=\"text-align: justify;\"><span style=\"color: #000000;\">La <strong>puntuaci\u00f3n final<\/strong>, obtenida de la suma de todas estas puntuaciones, <strong>varia entre 0 (baja adherencia) y 18 (alta adherencia)<\/strong>.\u00a0<\/span><\/p>\n<p style=\"text-align: justify;\">\u00a0<\/p>\n[\/et_pb_text][\/et_pb_column][\/et_pb_row][\/et_pb_section][et_pb_section fb_built=&#8221;1&#8243; _builder_version=&#8221;4.16&#8243; background_color=&#8221;#7A3559&#8243; global_colors_info=&#8221;{}&#8221;][et_pb_row _builder_version=&#8221;4.16&#8243; global_colors_info=&#8221;{}&#8221; column_structure=&#8221;1_2,1_2&#8243;][et_pb_column type=&#8221;1_2&#8243; _builder_version=&#8221;4.16&#8243; custom_padding=&#8221;|||&#8221; global_colors_info=&#8221;{}&#8221; custom_padding__hover=&#8221;|||&#8221;][et_pb_text _builder_version=&#8221;4.16&#8243; text_text_color=&#8221;#a3a3a3&#8243; text_font_size=&#8221;16&#8243; background_size=&#8221;initial&#8221; background_position=&#8221;top_left&#8221; background_repeat=&#8221;repeat&#8221; use_border_color=&#8221;off&#8221; global_colors_info=&#8221;{}&#8221;]\n<p>\n<img decoding=\"async\" loading=\"lazy\" class=\"size-full wp-image-1235 alignleft\" src=\"https:\/\/medi-lite.com\/wp-content\/uploads\/2019\/02\/path45ww79-1.png\" alt=\"\" width=\"221\" height=\"80\"><\/p>\n[\/et_pb_text][\/et_pb_column][et_pb_column type=&#8221;1_2&#8243; _builder_version=&#8221;4.16&#8243; custom_padding=&#8221;|||&#8221; custom_css_main_element=&#8221;position: absolute;||bottom: 1vw;||right: 0;&#8221; global_colors_info=&#8221;{}&#8221; custom_padding__hover=&#8221;|||&#8221;][et_pb_text _builder_version=&#8221;4.16&#8243; text_text_color=&#8221;#a3a3a3&#8243; text_font_size=&#8221;16&#8243; background_size=&#8221;initial&#8221; background_position=&#8221;top_left&#8221; background_repeat=&#8221;repeat&#8221; use_border_color=&#8221;off&#8221; global_colors_info=&#8221;{}&#8221;]\n<p style=\"text-align: right;\"><span style=\"color: #ffffff;\">\u00a9 Copyright 2018 Universit\u00e0 degli Studi di Firenze<\/span><\/p>\n[\/et_pb_text][\/et_pb_column][\/et_pb_row][\/et_pb_section]\n","protected":false},"excerpt":{"rendered":"<p>El proyecto Medi-Lite El proyecto Medi-Lite se inspira en el an\u00e1lisis de numerosos estudios de la literatura cient\u00edfica que han demostrado los beneficios de la dieta Mediterr\u00e1nea contra las enfermedades cr\u00f3nicas degenerativas. En las \u00faltimas d\u00e9cadas, numerosos estudios han evidenciado los efectos beneficiosos de la dieta Mediterr\u00e1nea sobre diversas enfermedades y la salud en general. [&hellip;]<\/p>\n","protected":false},"author":1,"featured_media":0,"parent":0,"menu_order":0,"comment_status":"closed","ping_status":"closed","template":"","meta":{"_et_pb_use_builder":"on","_et_pb_old_content":"","_et_gb_content_width":""},"_links":{"self":[{"href":"https:\/\/medi-lite.com\/index.php\/wp-json\/wp\/v2\/pages\/2961"}],"collection":[{"href":"https:\/\/medi-lite.com\/index.php\/wp-json\/wp\/v2\/pages"}],"about":[{"href":"https:\/\/medi-lite.com\/index.php\/wp-json\/wp\/v2\/types\/page"}],"author":[{"embeddable":true,"href":"https:\/\/medi-lite.com\/index.php\/wp-json\/wp\/v2\/users\/1"}],"replies":[{"embeddable":true,"href":"https:\/\/medi-lite.com\/index.php\/wp-json\/wp\/v2\/comments?post=2961"}],"version-history":[{"count":18,"href":"https:\/\/medi-lite.com\/index.php\/wp-json\/wp\/v2\/pages\/2961\/revisions"}],"predecessor-version":[{"id":2986,"href":"https:\/\/medi-lite.com\/index.php\/wp-json\/wp\/v2\/pages\/2961\/revisions\/2986"}],"wp:attachment":[{"href":"https:\/\/medi-lite.com\/index.php\/wp-json\/wp\/v2\/media?parent=2961"}],"curies":[{"name":"wp","href":"https:\/\/api.w.org\/{rel}","templated":true}]}}