{"id":2958,"date":"2023-08-03T15:46:36","date_gmt":"2023-08-03T13:46:36","guid":{"rendered":"https:\/\/medi-lite.com\/index.php\/home\/"},"modified":"2023-08-10T09:37:24","modified_gmt":"2023-08-10T07:37:24","slug":"home","status":"publish","type":"page","link":"https:\/\/medi-lite.com\/index.php\/home\/?lang=es","title":{"rendered":"Home"},"content":{"rendered":"[et_pb_section fb_built=&#8221;1&#8243; fullwidth=&#8221;on&#8221; _builder_version=&#8221;4.16&#8243; background_color=&#8221;#ffffff&#8221; global_colors_info=&#8221;{}&#8221;][et_pb_fullwidth_slider _builder_version=&#8221;4.16&#8243; global_colors_info=&#8221;{}&#8221;][et_pb_slide button_text=&#8221;Comenzar&#8221; button_link=&#8221;https:\/\/www.medi-lite.com\/medilite\/&#8221; url_new_window=&#8221;on&#8221; use_bg_overlay=&#8221;on&#8221; bg_overlay_color=&#8221;rgba(0,0,0,0.58)&#8221; use_text_overlay=&#8221;off&#8221; _builder_version=&#8221;4.16&#8243; body_font_size=&#8221;24&#8243; body_line_height=&#8221;1.8em&#8221; background_color=&#8221;rgba(0,0,0,0.42)&#8221; use_background_color_gradient=&#8221;on&#8221; background_image=&#8221;https:\/\/medi-lite.com\/wp-content\/uploads\/2019\/02\/1080_500.jpg&#8221; background_position=&#8221;bottom_center&#8221; custom_button=&#8221;on&#8221; button_text_color=&#8221;#ffffff&#8221; button_bg_color=&#8221;#7c385c&#8221; button_use_icon=&#8221;on&#8221; button_icon=&#8221;&#x39;||divi||400&#8243; button_on_hover=&#8221;on&#8221; custom_padding=&#8221;100px||100px|&#8221; custom_padding_tablet=&#8221;10px||10px|&#8221; custom_padding_phone=&#8221;10px||10px|&#8221; custom_padding_last_edited=&#8221;off|desktop&#8221; body_font_size_tablet=&#8221;24&#8243; body_font_size_phone=&#8221;24&#8243; body_line_height_tablet=&#8221;2.7em&#8221; body_line_height_phone=&#8221;0.7em&#8221; global_colors_info=&#8221;{}&#8221; sticky_transition=&#8221;on&#8221;]\n<p style=\"text-align: center;\">El <b>Medi-Lite<\/b> es un breve cuestionario, basado en la literatura cient\u00edfica, que permite evaluar la adherencia a la dieta Mediterr\u00e1nea.<\/p>\n[\/et_pb_slide][\/et_pb_fullwidth_slider][\/et_pb_section][et_pb_section fb_built=&#8221;1&#8243; custom_padding_last_edited=&#8221;on|desktop&#8221; _builder_version=&#8221;4.16&#8243; background_color=&#8221;rgba(255,255,255,0)&#8221; custom_padding_tablet=&#8221;50px|0|50px|0&#8243; custom_padding_phone=&#8221;&#8221; transparent_background=&#8221;on&#8221; padding_mobile=&#8221;off&#8221; global_colors_info=&#8221;{}&#8221;][et_pb_row column_structure=&#8221;1_2,1_2&#8243; _builder_version=&#8221;4.16&#8243; background_size=&#8221;initial&#8221; background_position=&#8221;top_left&#8221; background_repeat=&#8221;repeat&#8221; global_colors_info=&#8221;{}&#8221;][et_pb_column type=&#8221;1_2&#8243; _builder_version=&#8221;4.16&#8243; custom_padding=&#8221;|||&#8221; global_colors_info=&#8221;{}&#8221; custom_padding__hover=&#8221;|||&#8221;][et_pb_image src=&#8221;https:\/\/medi-lite.com\/wp-content\/uploads\/2019\/02\/Schermata-2019-02-26-alle-11.16.24.png&#8221; align=&#8221;center&#8221; force_fullwidth=&#8221;on&#8221; align_tablet=&#8221;center&#8221; align_phone=&#8221;&#8221; align_last_edited=&#8221;on|desktop&#8221; _builder_version=&#8221;4.16&#8243; global_colors_info=&#8221;{}&#8221;]\n[\/et_pb_image][\/et_pb_column][et_pb_column type=&#8221;1_2&#8243; _builder_version=&#8221;4.16&#8243; custom_padding=&#8221;|||&#8221; global_colors_info=&#8221;{}&#8221; custom_padding__hover=&#8221;|||&#8221;][et_pb_text admin_label=&#8221;presentazione dieta mediterannea&#8221; _builder_version=&#8221;4.16&#8243; text_text_color=&#8221;#a3a3a3&#8243; text_font_size=&#8221;16&#8243; header_text_color=&#8221;#a2c714&#8243; background_size=&#8221;initial&#8221; background_position=&#8221;top_left&#8221; background_repeat=&#8221;repeat&#8221; use_border_color=&#8221;off&#8221; global_colors_info=&#8221;{}&#8221;]\n<h3><span style=\"color: #339966;\">\u00bfQu\u00e9 es Medi-Lite?<\/span><\/h3>\n<p style=\"text-align: justify;\"><span style=\"color: #000000;\">El cuestionario Medi-Lite surge de una idea del <strong>profesor Francesco Sofi<\/strong>, profesor asociado de Ciencias de la Alimentaci\u00f3n de la Universidad de Florencia, para desarrollar <strong>una herramienta pr\u00e1ctica y sencilla que permita evaluar la adherencia a la dieta Mediterr\u00e1nea<\/strong> bas\u00e1ndose en los numerosos datos cient\u00edficos disponibles a favor de la dieta Mediterr\u00e1nea.<\/span><\/p>\n<p style=\"text-align: justify;\"><span style=\"color: #000000;\">El nombre Medi-Lite proviene de la fusi\u00f3n de los t\u00e9rminos <em>Mediterranean y Literature<\/em> (Mediterr\u00e1nea y literatura cient\u00edfica) precisamente para enfatizar que el cuestionario <strong>se basa en los datos procedentes de los estudios<\/strong> m\u00e1s robustos de la literatura cient\u00edfica sobre los efectos beneficiosos de la dieta Mediterr\u00e1nea.<\/span><\/p>\n<p style=\"text-align: justify;\"><span style=\"color: #000000;\">El cuestionario, en su versi\u00f3n original y en ingl\u00e9s, se public\u00f3 en la revista cient\u00edfica <em>Public Health Nutrition<\/em> en 2014 y posteriormente se valid\u00f3 mediante un estudio cl\u00ednico publicado en la revista <em>International Journal of Food Science and Nutrition<\/em> en 2017. En 2018, la <strong>Universidad de Florencia registr\u00f3 los derechos de autor<\/strong> del cuestionario y la base de datos asociada a la versi\u00f3n web del cuestionario se registr\u00f3 en la Sociedad Italiana de Patentes.<\/span><\/p>\n<p style=\"text-align: justify;\"><span style=\"color: #000000;\">El cuestionario es <span style=\"text-decoration: underline;\"><strong>totalmente gratuito<\/strong><\/span> y se cre\u00f3 con el \u00fanico prop\u00f3sito de mejorar los conocimientos de la poblaci\u00f3n general y de los profesionales de la salud sobre el papel de la dieta Mediterr\u00e1nea en la salud p\u00fablica.<\/span><\/p>\n<p style=\"text-align: justify;\">\u00a0<\/p>\n[\/et_pb_text][et_pb_button button_url=&#8221;https:\/\/medi-lite.com\/index.php\/medi-lite\/&#8221; button_text=&#8221;Leer m\u00e1s&#8221; button_alignment=&#8221;left&#8221; _builder_version=&#8221;4.16&#8243; custom_button=&#8221;on&#8221; button_text_color=&#8221;#ffffff&#8221; button_bg_color=&#8221;#a2c714&#8243; button_border_color=&#8221;#ffffff&#8221; button_border_radius=&#8221;7&#8243; button_icon=&#8221;&#x68;||divi||400&#8243; button_icon_color=&#8221;#ffffff&#8221; global_colors_info=&#8221;{}&#8221; button_text_size__hover_enabled=&#8221;off&#8221; button_text_size__hover=&#8221;null&#8221; button_one_text_size__hover_enabled=&#8221;off&#8221; button_one_text_size__hover=&#8221;null&#8221; button_two_text_size__hover_enabled=&#8221;off&#8221; button_two_text_size__hover=&#8221;null&#8221; button_text_color__hover_enabled=&#8221;off&#8221; button_text_color__hover=&#8221;null&#8221; button_one_text_color__hover_enabled=&#8221;off&#8221; button_one_text_color__hover=&#8221;null&#8221; button_two_text_color__hover_enabled=&#8221;off&#8221; button_two_text_color__hover=&#8221;null&#8221; button_border_width__hover_enabled=&#8221;off&#8221; button_border_width__hover=&#8221;null&#8221; button_one_border_width__hover_enabled=&#8221;off&#8221; button_one_border_width__hover=&#8221;null&#8221; button_two_border_width__hover_enabled=&#8221;off&#8221; button_two_border_width__hover=&#8221;null&#8221; button_border_color__hover_enabled=&#8221;off&#8221; button_border_color__hover=&#8221;null&#8221; button_one_border_color__hover_enabled=&#8221;off&#8221; button_one_border_color__hover=&#8221;null&#8221; button_two_border_color__hover_enabled=&#8221;off&#8221; button_two_border_color__hover=&#8221;null&#8221; button_border_radius__hover_enabled=&#8221;off&#8221; button_border_radius__hover=&#8221;null&#8221; button_one_border_radius__hover_enabled=&#8221;off&#8221; button_one_border_radius__hover=&#8221;null&#8221; button_two_border_radius__hover_enabled=&#8221;off&#8221; button_two_border_radius__hover=&#8221;null&#8221; button_letter_spacing__hover_enabled=&#8221;on&#8221; button_letter_spacing__hover=&#8221;0&#8243; button_one_letter_spacing__hover_enabled=&#8221;off&#8221; button_one_letter_spacing__hover=&#8221;null&#8221; button_two_letter_spacing__hover_enabled=&#8221;off&#8221; button_two_letter_spacing__hover=&#8221;null&#8221; button_bg_color__hover_enabled=&#8221;off&#8221; button_bg_color__hover=&#8221;null&#8221; button_one_bg_color__hover_enabled=&#8221;off&#8221; button_one_bg_color__hover=&#8221;null&#8221; button_two_bg_color__hover_enabled=&#8221;off&#8221; button_two_bg_color__hover=&#8221;null&#8221;]\n[\/et_pb_button][\/et_pb_column][\/et_pb_row][\/et_pb_section][et_pb_section fb_built=&#8221;1&#8243; _builder_version=&#8221;4.16&#8243; background_color=&#8221;#f4f4f4&#8243; global_colors_info=&#8221;{}&#8221;][et_pb_row column_structure=&#8221;1_2,1_2&#8243; _builder_version=&#8221;4.16&#8243; background_size=&#8221;initial&#8221; background_position=&#8221;top_left&#8221; background_repeat=&#8221;repeat&#8221; global_colors_info=&#8221;{}&#8221;][et_pb_column type=&#8221;1_2&#8243; _builder_version=&#8221;4.16&#8243; custom_padding=&#8221;|||&#8221; global_colors_info=&#8221;{}&#8221; custom_padding__hover=&#8221;|||&#8221;][et_pb_text _builder_version=&#8221;4.16&#8243; text_text_color=&#8221;#a3a3a3&#8243; text_font_size=&#8221;16&#8243; header_text_color=&#8221;#7a3559&#8243; background_size=&#8221;initial&#8221; background_position=&#8221;top_left&#8221; background_repeat=&#8221;repeat&#8221; use_border_color=&#8221;off&#8221; global_colors_info=&#8221;{}&#8221;]\n<h3><span style=\"color: #339966;\">\u00bfC\u00f3mo est\u00e1 estructurado?<\/span><\/h3>\n<p style=\"text-align: justify;\"><span style=\"color: #000000;\">El cuestionario Medi-Lite consta de <strong>preguntas r\u00e1pidas y sencillas <\/strong> que permiten al usurario determinar el consumo en t\u00e9rminos de cantidades diarias y\/o semanales de <span style=\"text-decoration: underline;\">9 grupos de alimentos<\/span>, presentes en los estudios cient\u00edficos que han investigado la asociaci\u00f3n entre la adherencia a la dieta Mediterr\u00e1nea y el estado de salud.<\/span><\/p>\n<p style=\"text-align: justify;\"><span style=\"color: #000000;\"><strong>Los 9 grupos de alimentos son:<\/strong><\/span><\/p>\n<ol>\n<li style=\"text-align: justify;\"><span style=\"color: #000000;\">Fruta<\/span><\/li>\n<li style=\"text-align: justify;\"><span style=\"color: #000000;\">Verdura<\/span><\/li>\n<li style=\"text-align: justify;\"><span style=\"color: #000000;\">Cereales<\/span><\/li>\n<li style=\"text-align: justify;\"><span style=\"color: #000000;\">Legumbres<\/span><\/li>\n<li style=\"text-align: justify;\"><span style=\"color: #000000;\">Pescado<\/span><\/li>\n<li style=\"text-align: justify;\"><span style=\"color: #000000;\">Carne y embutidos<\/span><\/li>\n<li style=\"text-align: justify;\"><span style=\"color: #000000;\">L\u00e1cteos<\/span><\/li>\n<li style=\"text-align: justify;\"><span style=\"color: #000000;\">Alcohol<\/span><\/li>\n<li style=\"text-align: justify;\"><span style=\"color: #000000;\">Aceite de oliva<\/span><\/li>\n<\/ol>\n<h3><span style=\"color: #339966;\">\u00bfA qui\u00e9n va dirigido?<\/span><\/h3>\n<p style=\"text-align: justify;\"><span style=\"color: #000000;\">El cuestionario <strong>puede ser cumplimentado por cualquier persona que quiera conocer su adherencia a la dieta Mediterr\u00e1nea<\/strong>, por profesionales de la salud (m\u00e9dicos, enfermeras, dietistas-nutricionistas, etc.) que quieran evaluar la calidad de la dieta de sus pacientes, pero tambi\u00e9n por cualquier persona que de forma aut\u00f3noma quiera evaluar su propia adherencia a la dieta Mediterr\u00e1nea<\/span><\/p>\n<p>&nbsp;<\/p>\n[\/et_pb_text][et_pb_button button_url=&#8221;https:\/\/medi-lite.com\/index.php\/medi-lite\/&#8221; button_text=&#8221;Leer m\u00e1s&#8221; button_alignment=&#8221;left&#8221; _builder_version=&#8221;4.16&#8243; custom_button=&#8221;on&#8221; button_text_color=&#8221;#ffffff&#8221; button_bg_color=&#8221;#7a3559&#8243; button_border_color=&#8221;#ffffff&#8221; button_border_radius=&#8221;7&#8243; button_icon=&#8221;&#x68;||divi||400&#8243; button_icon_color=&#8221;#ffffff&#8221; global_colors_info=&#8221;{}&#8221; button_text_size__hover_enabled=&#8221;off&#8221; button_text_size__hover=&#8221;null&#8221; button_one_text_size__hover_enabled=&#8221;off&#8221; button_one_text_size__hover=&#8221;null&#8221; button_two_text_size__hover_enabled=&#8221;off&#8221; button_two_text_size__hover=&#8221;null&#8221; button_text_color__hover_enabled=&#8221;off&#8221; button_text_color__hover=&#8221;null&#8221; button_one_text_color__hover_enabled=&#8221;off&#8221; button_one_text_color__hover=&#8221;null&#8221; button_two_text_color__hover_enabled=&#8221;off&#8221; button_two_text_color__hover=&#8221;null&#8221; button_border_width__hover_enabled=&#8221;off&#8221; button_border_width__hover=&#8221;null&#8221; button_one_border_width__hover_enabled=&#8221;off&#8221; button_one_border_width__hover=&#8221;null&#8221; button_two_border_width__hover_enabled=&#8221;off&#8221; button_two_border_width__hover=&#8221;null&#8221; button_border_color__hover_enabled=&#8221;off&#8221; button_border_color__hover=&#8221;null&#8221; button_one_border_color__hover_enabled=&#8221;off&#8221; button_one_border_color__hover=&#8221;null&#8221; button_two_border_color__hover_enabled=&#8221;off&#8221; button_two_border_color__hover=&#8221;null&#8221; button_border_radius__hover_enabled=&#8221;off&#8221; button_border_radius__hover=&#8221;null&#8221; button_one_border_radius__hover_enabled=&#8221;off&#8221; button_one_border_radius__hover=&#8221;null&#8221; button_two_border_radius__hover_enabled=&#8221;off&#8221; button_two_border_radius__hover=&#8221;null&#8221; button_letter_spacing__hover_enabled=&#8221;on&#8221; button_letter_spacing__hover=&#8221;0&#8243; button_one_letter_spacing__hover_enabled=&#8221;off&#8221; button_one_letter_spacing__hover=&#8221;null&#8221; button_two_letter_spacing__hover_enabled=&#8221;off&#8221; button_two_letter_spacing__hover=&#8221;null&#8221; button_bg_color__hover_enabled=&#8221;off&#8221; button_bg_color__hover=&#8221;null&#8221; button_one_bg_color__hover_enabled=&#8221;off&#8221; button_one_bg_color__hover=&#8221;null&#8221; button_two_bg_color__hover_enabled=&#8221;off&#8221; button_two_bg_color__hover=&#8221;null&#8221;]\n[\/et_pb_button][\/et_pb_column][et_pb_column type=&#8221;1_2&#8243; _builder_version=&#8221;4.16&#8243; custom_padding=&#8221;|||&#8221; global_colors_info=&#8221;{}&#8221; custom_padding__hover=&#8221;|||&#8221;][et_pb_image src=&#8221;https:\/\/medi-lite.com\/wp-content\/uploads\/2019\/02\/tavolo-pieno-di-frutta-e-verdura_1112-364.jpg&#8221; align=&#8221;center&#8221; align_tablet=&#8221;center&#8221; align_phone=&#8221;&#8221; align_last_edited=&#8221;on|desktop&#8221; _builder_version=&#8221;4.16&#8243; use_border_color=&#8221;off&#8221; global_colors_info=&#8221;{}&#8221;]\n[\/et_pb_image][\/et_pb_column][\/et_pb_row][\/et_pb_section][et_pb_section fb_built=&#8221;1&#8243; _builder_version=&#8221;4.16&#8243; background_color=&#8221;#7A3559&#8243; global_colors_info=&#8221;{}&#8221;][et_pb_row column_structure=&#8221;1_2,1_2&#8243; _builder_version=&#8221;4.16&#8243; global_colors_info=&#8221;{}&#8221;][et_pb_column type=&#8221;1_2&#8243; _builder_version=&#8221;4.16&#8243; custom_padding=&#8221;|||&#8221; global_colors_info=&#8221;{}&#8221; custom_padding__hover=&#8221;|||&#8221;][et_pb_text _builder_version=&#8221;4.16&#8243; text_text_color=&#8221;#a3a3a3&#8243; text_font_size=&#8221;16&#8243; background_size=&#8221;initial&#8221; background_position=&#8221;top_left&#8221; background_repeat=&#8221;repeat&#8221; use_border_color=&#8221;off&#8221; global_colors_info=&#8221;{}&#8221;]\n<p>\n<img decoding=\"async\" loading=\"lazy\" class=\"size-full wp-image-1235 alignleft\" src=\"https:\/\/medi-lite.com\/wp-content\/uploads\/2019\/02\/path45ww79-1.png\" alt=\"\" width=\"221\" height=\"80\"><\/p>\n[\/et_pb_text][\/et_pb_column][et_pb_column type=&#8221;1_2&#8243; _builder_version=&#8221;4.16&#8243; custom_padding=&#8221;|||&#8221; custom_css_main_element=&#8221;position: absolute;||bottom: 1vw;||right: 0;&#8221; global_colors_info=&#8221;{}&#8221; custom_padding__hover=&#8221;|||&#8221;][et_pb_text _builder_version=&#8221;4.16&#8243; text_text_color=&#8221;#a3a3a3&#8243; text_font_size=&#8221;16&#8243; background_size=&#8221;initial&#8221; background_position=&#8221;top_left&#8221; background_repeat=&#8221;repeat&#8221; use_border_color=&#8221;off&#8221; global_colors_info=&#8221;{}&#8221;]\n<p style=\"text-align: right;\"><span style=\"color: #ffffff;\">\u00a9 Copyright 2018 Universit\u00e0 degli Studi di Firenze<\/span><\/p>\n[\/et_pb_text][\/et_pb_column][\/et_pb_row][\/et_pb_section]\n","protected":false},"excerpt":{"rendered":"<p>El Medi-Lite es un breve cuestionario, basado en la literatura cient\u00edfica, que permite evaluar la adherencia a la dieta Mediterr\u00e1nea. \u00bfQu\u00e9 es Medi-Lite? El cuestionario Medi-Lite surge de una idea del profesor Francesco Sofi, profesor asociado de Ciencias de la Alimentaci\u00f3n de la Universidad de Florencia, para desarrollar una herramienta pr\u00e1ctica y sencilla que permita [&hellip;]<\/p>\n","protected":false},"author":1,"featured_media":0,"parent":0,"menu_order":0,"comment_status":"closed","ping_status":"closed","template":"","meta":{"_et_pb_use_builder":"on","_et_pb_old_content":"","_et_gb_content_width":""},"_links":{"self":[{"href":"https:\/\/medi-lite.com\/index.php\/wp-json\/wp\/v2\/pages\/2958"}],"collection":[{"href":"https:\/\/medi-lite.com\/index.php\/wp-json\/wp\/v2\/pages"}],"about":[{"href":"https:\/\/medi-lite.com\/index.php\/wp-json\/wp\/v2\/types\/page"}],"author":[{"embeddable":true,"href":"https:\/\/medi-lite.com\/index.php\/wp-json\/wp\/v2\/users\/1"}],"replies":[{"embeddable":true,"href":"https:\/\/medi-lite.com\/index.php\/wp-json\/wp\/v2\/comments?post=2958"}],"version-history":[{"count":3,"href":"https:\/\/medi-lite.com\/index.php\/wp-json\/wp\/v2\/pages\/2958\/revisions"}],"predecessor-version":[{"id":2987,"href":"https:\/\/medi-lite.com\/index.php\/wp-json\/wp\/v2\/pages\/2958\/revisions\/2987"}],"wp:attachment":[{"href":"https:\/\/medi-lite.com\/index.php\/wp-json\/wp\/v2\/media?parent=2958"}],"curies":[{"name":"wp","href":"https:\/\/api.w.org\/{rel}","templated":true}]}}