{"id":2786,"date":"2023-05-03T18:07:45","date_gmt":"2023-05-03T16:07:45","guid":{"rendered":"https:\/\/medi-lite.com\/?page_id=2786"},"modified":"2023-05-03T18:16:49","modified_gmt":"2023-05-03T16:16:49","slug":"sonno","status":"publish","type":"page","link":"https:\/\/medi-lite.com\/index.php\/sonno\/","title":{"rendered":"Dieta Mediterranea e sonno: esiste una relazione?"},"content":{"rendered":"[et_pb_section fb_built=&#8221;1&#8243; _builder_version=&#8221;4.16&#8243; global_colors_info=&#8221;{}&#8221;][et_pb_row _builder_version=&#8221;4.16&#8243; background_size=&#8221;initial&#8221; background_position=&#8221;top_left&#8221; background_repeat=&#8221;repeat&#8221; global_colors_info=&#8221;{}&#8221;][et_pb_column type=&#8221;4_4&#8243; _builder_version=&#8221;4.16&#8243; custom_padding=&#8221;|||&#8221; global_colors_info=&#8221;{}&#8221; custom_padding__hover=&#8221;|||&#8221;][et_pb_post_title author=&#8221;off&#8221; date=&#8221;off&#8221; _builder_version=&#8221;4.16&#8243; z_index_tablet=&#8221;500&#8243; title_text_shadow_horizontal_length_tablet=&#8221;0px&#8221; title_text_shadow_vertical_length_tablet=&#8221;0px&#8221; title_text_shadow_blur_strength_tablet=&#8221;1px&#8221; meta_text_shadow_horizontal_length_tablet=&#8221;0px&#8221; meta_text_shadow_vertical_length_tablet=&#8221;0px&#8221; meta_text_shadow_blur_strength_tablet=&#8221;1px&#8221; box_shadow_horizontal_tablet=&#8221;0px&#8221; box_shadow_vertical_tablet=&#8221;0px&#8221; box_shadow_blur_tablet=&#8221;40px&#8221; box_shadow_spread_tablet=&#8221;0px&#8221; text_shadow_horizontal_length_tablet=&#8221;0px&#8221; text_shadow_vertical_length_tablet=&#8221;0px&#8221; text_shadow_blur_strength_tablet=&#8221;1px&#8221; global_colors_info=&#8221;{}&#8221;][\/et_pb_post_title][et_pb_text _builder_version=&#8221;4.16&#8243; custom_padding=&#8221;0px|||||&#8221; z_index_tablet=&#8221;500&#8243; text_text_shadow_horizontal_length_tablet=&#8221;0px&#8221; text_text_shadow_vertical_length_tablet=&#8221;0px&#8221; text_text_shadow_blur_strength_tablet=&#8221;1px&#8221; link_text_shadow_horizontal_length_tablet=&#8221;0px&#8221; link_text_shadow_vertical_length_tablet=&#8221;0px&#8221; link_text_shadow_blur_strength_tablet=&#8221;1px&#8221; ul_text_shadow_horizontal_length_tablet=&#8221;0px&#8221; ul_text_shadow_vertical_length_tablet=&#8221;0px&#8221; ul_text_shadow_blur_strength_tablet=&#8221;1px&#8221; ol_text_shadow_horizontal_length_tablet=&#8221;0px&#8221; ol_text_shadow_vertical_length_tablet=&#8221;0px&#8221; ol_text_shadow_blur_strength_tablet=&#8221;1px&#8221; quote_text_shadow_horizontal_length_tablet=&#8221;0px&#8221; quote_text_shadow_vertical_length_tablet=&#8221;0px&#8221; quote_text_shadow_blur_strength_tablet=&#8221;1px&#8221; header_text_shadow_horizontal_length_tablet=&#8221;0px&#8221; header_text_shadow_vertical_length_tablet=&#8221;0px&#8221; header_text_shadow_blur_strength_tablet=&#8221;1px&#8221; header_2_text_shadow_horizontal_length_tablet=&#8221;0px&#8221; header_2_text_shadow_vertical_length_tablet=&#8221;0px&#8221; header_2_text_shadow_blur_strength_tablet=&#8221;1px&#8221; header_3_text_shadow_horizontal_length_tablet=&#8221;0px&#8221; header_3_text_shadow_vertical_length_tablet=&#8221;0px&#8221; header_3_text_shadow_blur_strength_tablet=&#8221;1px&#8221; header_4_text_shadow_horizontal_length_tablet=&#8221;0px&#8221; header_4_text_shadow_vertical_length_tablet=&#8221;0px&#8221; header_4_text_shadow_blur_strength_tablet=&#8221;1px&#8221; header_5_text_shadow_horizontal_length_tablet=&#8221;0px&#8221; header_5_text_shadow_vertical_length_tablet=&#8221;0px&#8221; header_5_text_shadow_blur_strength_tablet=&#8221;1px&#8221; header_6_text_shadow_horizontal_length_tablet=&#8221;0px&#8221; header_6_text_shadow_vertical_length_tablet=&#8221;0px&#8221; header_6_text_shadow_blur_strength_tablet=&#8221;1px&#8221; box_shadow_horizontal_tablet=&#8221;0px&#8221; box_shadow_vertical_tablet=&#8221;0px&#8221; box_shadow_blur_tablet=&#8221;40px&#8221; box_shadow_spread_tablet=&#8221;0px&#8221; global_colors_info=&#8221;{}&#8221;]\n<p style=\"text-align: justify;\"><span style=\"color: #000000;\">Passiamo circa un terzo della nostra vita a dormire e questo tempo \u00e8 tutt\u2019altro che inutile. Dormire \u00e8 un bisogno fisiologico che ci permette sia di recuperare le energie perse durante la giornata che di ristabilire il naturale equilibrio tra i diversi centri neuronali. \u00c8 gi\u00e0 noto nel mondo scientifico che l\u2019alterazione di questa importante funzione possa comportare <strong>rischi per la salute<\/strong> umana.<\/span><\/p>\n<p style=\"text-align: justify;\"><span style=\"color: #000000;\">Una recente revisione ha valutato l\u2019impatto della <strong>Dieta Mediterranea <\/strong>sulla qualit\u00e0 e quantit\u00e0 del riposo notturno. L\u2019obiettivo degli autori \u00e8 stato quello di analizzare i dati presenti in letteratura e individuare alcuni possibili meccanismi potenzialmente responsabili di questa associazione.\u00a0<\/span><span style=\"color: #000000;\">Quanto analizzato suggerisce che vi sia una <strong>relazione bidirezionale tra sonno e alimentazione<\/strong>. Infatti, un sonno qualitativamente e\/o quantitativamente insoddisfacente potrebbe indurre ad un\u2019alimentazione eccessiva contribuendo all\u2019insorgenza di sovrappeso ed obesit\u00e0, con tutte le note conseguenze associate. Allo stesso modo, la dieta pu\u00f2 influenzare i parametri del sonno; in generale, pare che i <strong>cibi ricchi di melatonina e dei suoi principali precursori, triptofano e serotonina,<\/strong> cos\u00ec come gli alimenti ricchi di vitamina D e B, di zinco, magnesio, e di carboidrati complessi, migliorino la qualit\u00e0 del riposo notturno, qualit\u00e0 invece influenzata negativamente dal consumo di <em>bevande ad alto contenuto di zuccheri semplici e caffeina<\/em>, nonch\u00e9 da<strong> cibi ricchi di grassi saturi e alimenti processati<\/strong>.<\/span><\/p>\n<p style=\"text-align: justify;\"><span style=\"color: #000000;\"><\/span><\/p>\n[\/et_pb_text][et_pb_image src=&#8221;https:\/\/medi-lite.com\/wp-content\/uploads\/2023\/05\/News-Medilite-Febbraio-2023.png&#8221; title_text=&#8221;News Medilite-Febbraio 2023&#8243; align=&#8221;center&#8221; _builder_version=&#8221;4.20.2&#8243; width=&#8221;35%&#8221; min_height=&#8221;270px&#8221; custom_margin=&#8221;||34px|||&#8221; hover_enabled=&#8221;0&#8243; global_colors_info=&#8221;{}&#8221; sticky_enabled=&#8221;0&#8243;][\/et_pb_image][et_pb_text _builder_version=&#8221;4.16&#8243; custom_padding=&#8221;||0px|||&#8221; z_index_tablet=&#8221;500&#8243; text_text_shadow_horizontal_length_tablet=&#8221;0px&#8221; text_text_shadow_vertical_length_tablet=&#8221;0px&#8221; text_text_shadow_blur_strength_tablet=&#8221;1px&#8221; link_text_shadow_horizontal_length_tablet=&#8221;0px&#8221; link_text_shadow_vertical_length_tablet=&#8221;0px&#8221; link_text_shadow_blur_strength_tablet=&#8221;1px&#8221; ul_text_shadow_horizontal_length_tablet=&#8221;0px&#8221; ul_text_shadow_vertical_length_tablet=&#8221;0px&#8221; ul_text_shadow_blur_strength_tablet=&#8221;1px&#8221; ol_text_shadow_horizontal_length_tablet=&#8221;0px&#8221; ol_text_shadow_vertical_length_tablet=&#8221;0px&#8221; ol_text_shadow_blur_strength_tablet=&#8221;1px&#8221; quote_text_shadow_horizontal_length_tablet=&#8221;0px&#8221; quote_text_shadow_vertical_length_tablet=&#8221;0px&#8221; quote_text_shadow_blur_strength_tablet=&#8221;1px&#8221; header_text_shadow_horizontal_length_tablet=&#8221;0px&#8221; header_text_shadow_vertical_length_tablet=&#8221;0px&#8221; header_text_shadow_blur_strength_tablet=&#8221;1px&#8221; header_2_text_shadow_horizontal_length_tablet=&#8221;0px&#8221; header_2_text_shadow_vertical_length_tablet=&#8221;0px&#8221; header_2_text_shadow_blur_strength_tablet=&#8221;1px&#8221; header_3_text_shadow_horizontal_length_tablet=&#8221;0px&#8221; header_3_text_shadow_vertical_length_tablet=&#8221;0px&#8221; header_3_text_shadow_blur_strength_tablet=&#8221;1px&#8221; header_4_text_shadow_horizontal_length_tablet=&#8221;0px&#8221; header_4_text_shadow_vertical_length_tablet=&#8221;0px&#8221; header_4_text_shadow_blur_strength_tablet=&#8221;1px&#8221; header_5_text_shadow_horizontal_length_tablet=&#8221;0px&#8221; header_5_text_shadow_vertical_length_tablet=&#8221;0px&#8221; header_5_text_shadow_blur_strength_tablet=&#8221;1px&#8221; header_6_text_shadow_horizontal_length_tablet=&#8221;0px&#8221; header_6_text_shadow_vertical_length_tablet=&#8221;0px&#8221; header_6_text_shadow_blur_strength_tablet=&#8221;1px&#8221; box_shadow_horizontal_tablet=&#8221;0px&#8221; box_shadow_vertical_tablet=&#8221;0px&#8221; box_shadow_blur_tablet=&#8221;40px&#8221; box_shadow_spread_tablet=&#8221;0px&#8221; inline_fonts=&#8221;Times New Roman&#8221; global_colors_info=&#8221;{}&#8221;]\n<p style=\"text-align: justify;\"><span style=\"color: #000000;\">Sebbene i meccanismi di fondo di questa interazione tra sonno e Dieta Mediterranea non siano ancora del tutto chiari, sono state proposte alcune ipotesi. Una riguarda il <strong>peso corporeo<\/strong>; per esempio, l\u2019obesit\u00e0 \u00e8 una delle prime cause della Sindrome delle apnee notturne ostruttive (OSAS), patologia comune e a sua volta associata ad un aumento del rischio cardiovascolare. Trial clinici hanno osservato che, in soggetti affetti sia da obesit\u00e0 che da OSAS, un intervento dietetico basato sul modello mediterraneo, associato ad una ripresa dell\u2019attivit\u00e0 fisica, portava non solo alla riduzione della circonferenza vita ma anche ad un calo degli Indici di Apnea-Ipopnea (AHI).<\/span><\/p>\n<p style=\"text-align: justify;\"><span style=\"color: #000000;\">Una seconda teoria riguarda i <strong>processi infiammatori<\/strong>, alla base di numerose patologie. \u00c8 stato ipotizzato che l\u2019eccessiva produzione di citochine proinfiammatorie, l\u2019attivazione della microglia &#8211; con conseguente neuroinfiammazione &#8211; e lo stress ossidativo contribuiscano ad alterare i ritmi circadiani con peggioramento della qualit\u00e0 del sonno. Dal canto suo, la Dieta Mediterranea, ottima fonte di sostanze ad attivit\u00e0 antinfiammatoria e antiossidante, sembra capace di regolare i livelli circolanti di marker dell\u2019infiammazione, mostrando quindi una possibile correlazione positiva con la qualit\u00e0 del riposo. Alcuni studi suggeriscono poi che la Dieta Mediterranea possa avere una funzione neuroprotettiva e che sia positivamente associata al miglioramento della performance cognitiva, con una riduzione del rischio di insorgenza di molteplici patologie neurologiche. Questa capacit\u00e0 potrebbe essere dovuta alle propriet\u00e0 antinfiammatorie, antiossidanti e vasculoprotettive della Dieta Mediterranea, che agisce rallentando la disfunzione vascolare e il processo di neurodegenerazione, fornendo un utile sostegno alle complesse funzioni cognitive ed emotive strettamente legate alla regolazione del sonno.<\/span><\/p>\n<p style=\"text-align: justify;\"><span style=\"color: #000000;\">Altro possibile meccanismo d\u2019azione \u00e8 quello che vede coinvolto il <strong>sistema triptofano-serotonina-melatonina<\/strong>. L\u2019alimentazione pu\u00f2 influenzare questo sistema attraverso il consumo di alcuni cibi e bevande tipici della DM, fonti naturali di triptofano e serotonina, come frutta, semi, latticini e pesce e attraverso l\u2019assunzione di alimenti contenenti melatonina biodisponibile come pomodori, uva, vino rosso e olio di oliva. Infine, anche il microbiota attraverso l\u2019<strong>asse microbiota-intestino-cervello<\/strong> influenza il sonno attraverso vari meccanismi. Alcuni batteri appartenenti al phylum dei <em>Firmicutes, Bacteroidetes e Antinobacteria<\/em> sono infatti in grado di produrre metaboliti, coinvolti nella regolazione del ritmo circadiano, quali GABA, glutammato e serotonina.<\/span><\/p>\n<p style=\"text-align: justify;\"><span style=\"color: #000000;\">In conclusione, l\u2019argomento merita indubbiamente ulteriori approfondimenti, ma i dati a nostra disposizione sembrano indicare una semplice evidenza: <strong>chi mangia meglio dorme meglio e viceversa<\/strong>. \u00c8 necessario precisare che gli effetti osservati non possono essere legati ad un singolo elemento presente nella dieta, ma all\u2019azione sinergica data dalla variet\u00e0 degli alimenti tipici della Dieta Mediterranea.<\/span><\/p>\n[\/et_pb_text][et_pb_text _builder_version=&#8221;4.19.4&#8243; z_index_tablet=&#8221;500&#8243; text_text_shadow_horizontal_length_tablet=&#8221;0px&#8221; text_text_shadow_vertical_length_tablet=&#8221;0px&#8221; text_text_shadow_blur_strength_tablet=&#8221;1px&#8221; link_text_shadow_horizontal_length_tablet=&#8221;0px&#8221; link_text_shadow_vertical_length_tablet=&#8221;0px&#8221; link_text_shadow_blur_strength_tablet=&#8221;1px&#8221; ul_text_shadow_horizontal_length_tablet=&#8221;0px&#8221; ul_text_shadow_vertical_length_tablet=&#8221;0px&#8221; ul_text_shadow_blur_strength_tablet=&#8221;1px&#8221; ol_text_shadow_horizontal_length_tablet=&#8221;0px&#8221; ol_text_shadow_vertical_length_tablet=&#8221;0px&#8221; ol_text_shadow_blur_strength_tablet=&#8221;1px&#8221; quote_text_shadow_horizontal_length_tablet=&#8221;0px&#8221; quote_text_shadow_vertical_length_tablet=&#8221;0px&#8221; quote_text_shadow_blur_strength_tablet=&#8221;1px&#8221; header_text_shadow_horizontal_length_tablet=&#8221;0px&#8221; header_text_shadow_vertical_length_tablet=&#8221;0px&#8221; header_text_shadow_blur_strength_tablet=&#8221;1px&#8221; header_2_text_shadow_horizontal_length_tablet=&#8221;0px&#8221; header_2_text_shadow_vertical_length_tablet=&#8221;0px&#8221; header_2_text_shadow_blur_strength_tablet=&#8221;1px&#8221; header_3_text_shadow_horizontal_length_tablet=&#8221;0px&#8221; header_3_text_shadow_vertical_length_tablet=&#8221;0px&#8221; header_3_text_shadow_blur_strength_tablet=&#8221;1px&#8221; header_4_text_shadow_horizontal_length_tablet=&#8221;0px&#8221; header_4_text_shadow_vertical_length_tablet=&#8221;0px&#8221; header_4_text_shadow_blur_strength_tablet=&#8221;1px&#8221; header_5_text_shadow_horizontal_length_tablet=&#8221;0px&#8221; header_5_text_shadow_vertical_length_tablet=&#8221;0px&#8221; header_5_text_shadow_blur_strength_tablet=&#8221;1px&#8221; header_6_text_shadow_horizontal_length_tablet=&#8221;0px&#8221; header_6_text_shadow_vertical_length_tablet=&#8221;0px&#8221; header_6_text_shadow_blur_strength_tablet=&#8221;1px&#8221; box_shadow_horizontal_tablet=&#8221;0px&#8221; box_shadow_vertical_tablet=&#8221;0px&#8221; box_shadow_blur_tablet=&#8221;40px&#8221; box_shadow_spread_tablet=&#8221;0px&#8221; global_colors_info=&#8221;{}&#8221;]\n<p style=\"text-align: justify;\"><strong>Fonte: <\/strong>Scoditti E et al. Mediterranean Diet on Sleep: A Health Alliance. Nutrients. 2022;14:2998. doi: 10.3390\/nu14142998.<\/p>\n[\/et_pb_text][\/et_pb_column][\/et_pb_row][\/et_pb_section]\n","protected":false},"excerpt":{"rendered":"<p>Passiamo circa un terzo della nostra vita a dormire e questo tempo \u00e8 tutt\u2019altro che inutile. Dormire \u00e8 un bisogno fisiologico che ci permette sia di recuperare le energie perse durante la giornata che di ristabilire il naturale equilibrio tra i diversi centri neuronali. \u00c8 gi\u00e0 noto nel mondo scientifico che l\u2019alterazione di questa importante [&hellip;]<\/p>\n","protected":false},"author":2,"featured_media":0,"parent":0,"menu_order":0,"comment_status":"closed","ping_status":"closed","template":"","meta":{"_et_pb_use_builder":"on","_et_pb_old_content":"","_et_gb_content_width":""},"_links":{"self":[{"href":"https:\/\/medi-lite.com\/index.php\/wp-json\/wp\/v2\/pages\/2786"}],"collection":[{"href":"https:\/\/medi-lite.com\/index.php\/wp-json\/wp\/v2\/pages"}],"about":[{"href":"https:\/\/medi-lite.com\/index.php\/wp-json\/wp\/v2\/types\/page"}],"author":[{"embeddable":true,"href":"https:\/\/medi-lite.com\/index.php\/wp-json\/wp\/v2\/users\/2"}],"replies":[{"embeddable":true,"href":"https:\/\/medi-lite.com\/index.php\/wp-json\/wp\/v2\/comments?post=2786"}],"version-history":[{"count":3,"href":"https:\/\/medi-lite.com\/index.php\/wp-json\/wp\/v2\/pages\/2786\/revisions"}],"predecessor-version":[{"id":2795,"href":"https:\/\/medi-lite.com\/index.php\/wp-json\/wp\/v2\/pages\/2786\/revisions\/2795"}],"wp:attachment":[{"href":"https:\/\/medi-lite.com\/index.php\/wp-json\/wp\/v2\/media?parent=2786"}],"curies":[{"name":"wp","href":"https:\/\/api.w.org\/{rel}","templated":true}]}}