{"id":2632,"date":"2022-05-31T09:18:17","date_gmt":"2022-05-31T07:18:17","guid":{"rendered":"https:\/\/medi-lite.com\/?page_id=2632"},"modified":"2022-05-31T09:20:55","modified_gmt":"2022-05-31T07:20:55","slug":"tumore","status":"publish","type":"page","link":"https:\/\/medi-lite.com\/index.php\/tumore\/","title":{"rendered":"La Dieta Mediterranea riduce il rischio di tumore ai polmoni"},"content":{"rendered":"[et_pb_section fb_built=&#8221;1&#8243; _builder_version=&#8221;3.22&#8243; fb_built=&#8221;1&#8243; bb_built=&#8221;1&#8243; _i=&#8221;0&#8243; _address=&#8221;0&#8243;][et_pb_row _builder_version=&#8221;3.25&#8243; background_size=&#8221;initial&#8221; background_position=&#8221;top_left&#8221; background_repeat=&#8221;repeat&#8221; _i=&#8221;0&#8243; _address=&#8221;0.0&#8243;][et_pb_column type=&#8221;4_4&#8243; _builder_version=&#8221;3.0.47&#8243; custom_padding=&#8221;|||&#8221; custom_padding__hover=&#8221;|||&#8221; _i=&#8221;0&#8243; _address=&#8221;0.0.0&#8243;][et_pb_post_title author=&#8221;off&#8221; date=&#8221;off&#8221; _builder_version=&#8221;3.27.4&#8243; z_index_tablet=&#8221;500&#8243; title_text_shadow_horizontal_length_tablet=&#8221;0px&#8221; title_text_shadow_vertical_length_tablet=&#8221;0px&#8221; title_text_shadow_blur_strength_tablet=&#8221;1px&#8221; meta_text_shadow_horizontal_length_tablet=&#8221;0px&#8221; meta_text_shadow_vertical_length_tablet=&#8221;0px&#8221; meta_text_shadow_blur_strength_tablet=&#8221;1px&#8221; box_shadow_horizontal_tablet=&#8221;0px&#8221; box_shadow_vertical_tablet=&#8221;0px&#8221; box_shadow_blur_tablet=&#8221;40px&#8221; box_shadow_spread_tablet=&#8221;0px&#8221; text_shadow_horizontal_length_tablet=&#8221;0px&#8221; text_shadow_vertical_length_tablet=&#8221;0px&#8221; text_shadow_blur_strength_tablet=&#8221;1px&#8221; _i=&#8221;0&#8243; _address=&#8221;0.0.0.0&#8243;][\/et_pb_post_title][et_pb_text _builder_version=&#8221;3.27.4&#8243; z_index_tablet=&#8221;500&#8243; text_text_shadow_horizontal_length_tablet=&#8221;0px&#8221; text_text_shadow_vertical_length_tablet=&#8221;0px&#8221; text_text_shadow_blur_strength_tablet=&#8221;1px&#8221; link_text_shadow_horizontal_length_tablet=&#8221;0px&#8221; link_text_shadow_vertical_length_tablet=&#8221;0px&#8221; link_text_shadow_blur_strength_tablet=&#8221;1px&#8221; ul_text_shadow_horizontal_length_tablet=&#8221;0px&#8221; ul_text_shadow_vertical_length_tablet=&#8221;0px&#8221; ul_text_shadow_blur_strength_tablet=&#8221;1px&#8221; ol_text_shadow_horizontal_length_tablet=&#8221;0px&#8221; ol_text_shadow_vertical_length_tablet=&#8221;0px&#8221; ol_text_shadow_blur_strength_tablet=&#8221;1px&#8221; quote_text_shadow_horizontal_length_tablet=&#8221;0px&#8221; quote_text_shadow_vertical_length_tablet=&#8221;0px&#8221; quote_text_shadow_blur_strength_tablet=&#8221;1px&#8221; header_text_shadow_horizontal_length_tablet=&#8221;0px&#8221; header_text_shadow_vertical_length_tablet=&#8221;0px&#8221; header_text_shadow_blur_strength_tablet=&#8221;1px&#8221; header_2_text_shadow_horizontal_length_tablet=&#8221;0px&#8221; header_2_text_shadow_vertical_length_tablet=&#8221;0px&#8221; header_2_text_shadow_blur_strength_tablet=&#8221;1px&#8221; header_3_text_shadow_horizontal_length_tablet=&#8221;0px&#8221; header_3_text_shadow_vertical_length_tablet=&#8221;0px&#8221; header_3_text_shadow_blur_strength_tablet=&#8221;1px&#8221; header_4_text_shadow_horizontal_length_tablet=&#8221;0px&#8221; header_4_text_shadow_vertical_length_tablet=&#8221;0px&#8221; header_4_text_shadow_blur_strength_tablet=&#8221;1px&#8221; header_5_text_shadow_horizontal_length_tablet=&#8221;0px&#8221; header_5_text_shadow_vertical_length_tablet=&#8221;0px&#8221; header_5_text_shadow_blur_strength_tablet=&#8221;1px&#8221; header_6_text_shadow_horizontal_length_tablet=&#8221;0px&#8221; header_6_text_shadow_vertical_length_tablet=&#8221;0px&#8221; header_6_text_shadow_blur_strength_tablet=&#8221;1px&#8221; box_shadow_horizontal_tablet=&#8221;0px&#8221; box_shadow_vertical_tablet=&#8221;0px&#8221; box_shadow_blur_tablet=&#8221;40px&#8221; box_shadow_spread_tablet=&#8221;0px&#8221; _i=&#8221;1&#8243; _address=&#8221;0.0.0.1&#8243;]\n<p style=\"text-align: justify;\"><span style=\"color: #000000;\">Il tumore ai polmoni \u00e8 diventato ad oggi il principale tumore maligno in termini di morbilit\u00e0 e mortalit\u00e0. La sua comparsa e il suo sviluppo sono influenzati da una molteplicit\u00e0 di aspetti e tra i fattori di rischio accertati si annoverano la genetica, l&#8217;ambiente e lo stile di vita, in particolare l\u2019abitudine al fumo. D\u2019altra parte, esistono dei fattori protettivi nei confronti della neoplasia ai polmoni, e secondo recenti studi la dieta pu\u00f2 giocare un ruolo importante nella sua prevenzione.<\/span><\/p>\n[\/et_pb_text][et_pb_image src=&#8221;https:\/\/medi-lite.com\/wp-content\/uploads\/2022\/05\/2.png&#8221; align=&#8221;center&#8221; _builder_version=&#8221;3.27.4&#8243; width=&#8221;36%&#8221; max_width=&#8221;80%&#8221; hover_enabled=&#8221;0&#8243; _i=&#8221;2&#8243; _address=&#8221;0.0.0.2&#8243;][\/et_pb_image][et_pb_text _builder_version=&#8221;3.27.4&#8243; custom_padding=&#8221;||0px|||&#8221; z_index_tablet=&#8221;500&#8243; text_text_shadow_horizontal_length_tablet=&#8221;0px&#8221; text_text_shadow_vertical_length_tablet=&#8221;0px&#8221; text_text_shadow_blur_strength_tablet=&#8221;1px&#8221; link_text_shadow_horizontal_length_tablet=&#8221;0px&#8221; link_text_shadow_vertical_length_tablet=&#8221;0px&#8221; link_text_shadow_blur_strength_tablet=&#8221;1px&#8221; ul_text_shadow_horizontal_length_tablet=&#8221;0px&#8221; ul_text_shadow_vertical_length_tablet=&#8221;0px&#8221; ul_text_shadow_blur_strength_tablet=&#8221;1px&#8221; ol_text_shadow_horizontal_length_tablet=&#8221;0px&#8221; ol_text_shadow_vertical_length_tablet=&#8221;0px&#8221; ol_text_shadow_blur_strength_tablet=&#8221;1px&#8221; quote_text_shadow_horizontal_length_tablet=&#8221;0px&#8221; quote_text_shadow_vertical_length_tablet=&#8221;0px&#8221; quote_text_shadow_blur_strength_tablet=&#8221;1px&#8221; header_text_shadow_horizontal_length_tablet=&#8221;0px&#8221; header_text_shadow_vertical_length_tablet=&#8221;0px&#8221; header_text_shadow_blur_strength_tablet=&#8221;1px&#8221; header_2_text_shadow_horizontal_length_tablet=&#8221;0px&#8221; header_2_text_shadow_vertical_length_tablet=&#8221;0px&#8221; header_2_text_shadow_blur_strength_tablet=&#8221;1px&#8221; header_3_text_shadow_horizontal_length_tablet=&#8221;0px&#8221; header_3_text_shadow_vertical_length_tablet=&#8221;0px&#8221; header_3_text_shadow_blur_strength_tablet=&#8221;1px&#8221; header_4_text_shadow_horizontal_length_tablet=&#8221;0px&#8221; header_4_text_shadow_vertical_length_tablet=&#8221;0px&#8221; header_4_text_shadow_blur_strength_tablet=&#8221;1px&#8221; header_5_text_shadow_horizontal_length_tablet=&#8221;0px&#8221; header_5_text_shadow_vertical_length_tablet=&#8221;0px&#8221; header_5_text_shadow_blur_strength_tablet=&#8221;1px&#8221; header_6_text_shadow_horizontal_length_tablet=&#8221;0px&#8221; header_6_text_shadow_vertical_length_tablet=&#8221;0px&#8221; header_6_text_shadow_blur_strength_tablet=&#8221;1px&#8221; box_shadow_horizontal_tablet=&#8221;0px&#8221; box_shadow_vertical_tablet=&#8221;0px&#8221; box_shadow_blur_tablet=&#8221;40px&#8221; box_shadow_spread_tablet=&#8221;0px&#8221; inline_fonts=&#8221;Times New Roman&#8221; _i=&#8221;3&#8243; _address=&#8221;0.0.0.3&#8243;]\n<p style=\"text-align: justify;\"><span style=\"color: #000000;\">\u00c8 stata recentemente pubblicata sulla rivista <em>\u201cFrontiers in Nutrition\u201d<\/em> una revisione sistematica con meta-analisi che ha approfondito la relazione tra <strong>aderenza alla dieta Mediterranea e rischio di sviluppare tumore ai polmoni<\/strong>. In seguito alla ricerca dei principali database elettronici, sono stati inclusi nella meta-analisi 9 articoli (2 studi caso-controllo e 7 studi di coorte), condotti principalmente negli Stati Uniti e in Europa.<\/span><\/p>\n<p style=\"text-align: justify;\"><span style=\"color: #000000;\">Dall\u2019analisi dei dati \u00e8 emersa una correlazione significativa inversa tra l\u2019aderenza alla dieta Mediterranea e il rischio di sviluppare neoplasia ai polmoni. In particolare, si \u00e8 osservato una <strong>riduzione del rischio pari al 18%<\/strong>. Inoltre, \u00e8 emerso che ogni tre punti in pi\u00f9 di aderenza al regime mediterraneo questo rischio si riduceva del 9%, confermando che pi\u00f9 la popolazione consumava alimenti tipici mediterranei, pi\u00f9 basso era il rischio di sviluppare questa neoplasia. Tra i principali limiti della meta-analisi l\u2019elevata eterogeneit\u00e0 tra gli studi, parzialmente spiegata dal diverso disegno degli studi primari.<\/span><\/p>\n<p style=\"text-align: justify;\"><span style=\"color: #000000;\">In <strong>conclusione<\/strong>, i risultati di questa meta-analisi suggeriscono che le dieta Mediterranea sia un fattore protettivo nei confronti del cancro ai polmoni ed evidenziano la necessit\u00e0 di condurre ulteriori studi al fine di poter comprendere i meccanismi alla base di questa relazione.<\/span><\/p>\n[\/et_pb_text][et_pb_text _builder_version=&#8221;3.27.4&#8243; z_index_tablet=&#8221;500&#8243; text_text_shadow_horizontal_length_tablet=&#8221;0px&#8221; text_text_shadow_vertical_length_tablet=&#8221;0px&#8221; text_text_shadow_blur_strength_tablet=&#8221;1px&#8221; link_text_shadow_horizontal_length_tablet=&#8221;0px&#8221; link_text_shadow_vertical_length_tablet=&#8221;0px&#8221; link_text_shadow_blur_strength_tablet=&#8221;1px&#8221; ul_text_shadow_horizontal_length_tablet=&#8221;0px&#8221; ul_text_shadow_vertical_length_tablet=&#8221;0px&#8221; ul_text_shadow_blur_strength_tablet=&#8221;1px&#8221; ol_text_shadow_horizontal_length_tablet=&#8221;0px&#8221; ol_text_shadow_vertical_length_tablet=&#8221;0px&#8221; ol_text_shadow_blur_strength_tablet=&#8221;1px&#8221; quote_text_shadow_horizontal_length_tablet=&#8221;0px&#8221; quote_text_shadow_vertical_length_tablet=&#8221;0px&#8221; quote_text_shadow_blur_strength_tablet=&#8221;1px&#8221; header_text_shadow_horizontal_length_tablet=&#8221;0px&#8221; header_text_shadow_vertical_length_tablet=&#8221;0px&#8221; header_text_shadow_blur_strength_tablet=&#8221;1px&#8221; header_2_text_shadow_horizontal_length_tablet=&#8221;0px&#8221; header_2_text_shadow_vertical_length_tablet=&#8221;0px&#8221; header_2_text_shadow_blur_strength_tablet=&#8221;1px&#8221; header_3_text_shadow_horizontal_length_tablet=&#8221;0px&#8221; header_3_text_shadow_vertical_length_tablet=&#8221;0px&#8221; header_3_text_shadow_blur_strength_tablet=&#8221;1px&#8221; header_4_text_shadow_horizontal_length_tablet=&#8221;0px&#8221; header_4_text_shadow_vertical_length_tablet=&#8221;0px&#8221; header_4_text_shadow_blur_strength_tablet=&#8221;1px&#8221; header_5_text_shadow_horizontal_length_tablet=&#8221;0px&#8221; header_5_text_shadow_vertical_length_tablet=&#8221;0px&#8221; header_5_text_shadow_blur_strength_tablet=&#8221;1px&#8221; header_6_text_shadow_horizontal_length_tablet=&#8221;0px&#8221; header_6_text_shadow_vertical_length_tablet=&#8221;0px&#8221; header_6_text_shadow_blur_strength_tablet=&#8221;1px&#8221; box_shadow_horizontal_tablet=&#8221;0px&#8221; box_shadow_vertical_tablet=&#8221;0px&#8221; box_shadow_blur_tablet=&#8221;40px&#8221; box_shadow_spread_tablet=&#8221;0px&#8221; _i=&#8221;4&#8243; _address=&#8221;0.0.0.4&#8243;]\n<p style=\"text-align: justify;\"><strong>Fonte:<\/strong> Du H, Cao T, Lu X, Zhang T, Luo B, Li Z. Mediterranean Diet Patterns in Relation to Lung Cancer Risk: A Meta-Analysis.\u00a0Front Nutr. 2022; 9:844382.<\/p>\n[\/et_pb_text][\/et_pb_column][\/et_pb_row][\/et_pb_section]\n","protected":false},"excerpt":{"rendered":"<p>Il tumore ai polmoni \u00e8 diventato ad oggi il principale tumore maligno in termini di morbilit\u00e0 e mortalit\u00e0. La sua comparsa e il suo sviluppo sono influenzati da una molteplicit\u00e0 di aspetti e tra i fattori di rischio accertati si annoverano la genetica, l&#8217;ambiente e lo stile di vita, in particolare l\u2019abitudine al fumo. D\u2019altra [&hellip;]<\/p>\n","protected":false},"author":2,"featured_media":0,"parent":0,"menu_order":0,"comment_status":"closed","ping_status":"closed","template":"","meta":{"_et_pb_use_builder":"on","_et_pb_old_content":"","_et_gb_content_width":""},"_links":{"self":[{"href":"https:\/\/medi-lite.com\/index.php\/wp-json\/wp\/v2\/pages\/2632"}],"collection":[{"href":"https:\/\/medi-lite.com\/index.php\/wp-json\/wp\/v2\/pages"}],"about":[{"href":"https:\/\/medi-lite.com\/index.php\/wp-json\/wp\/v2\/types\/page"}],"author":[{"embeddable":true,"href":"https:\/\/medi-lite.com\/index.php\/wp-json\/wp\/v2\/users\/2"}],"replies":[{"embeddable":true,"href":"https:\/\/medi-lite.com\/index.php\/wp-json\/wp\/v2\/comments?post=2632"}],"version-history":[{"count":2,"href":"https:\/\/medi-lite.com\/index.php\/wp-json\/wp\/v2\/pages\/2632\/revisions"}],"predecessor-version":[{"id":2638,"href":"https:\/\/medi-lite.com\/index.php\/wp-json\/wp\/v2\/pages\/2632\/revisions\/2638"}],"wp:attachment":[{"href":"https:\/\/medi-lite.com\/index.php\/wp-json\/wp\/v2\/media?parent=2632"}],"curies":[{"name":"wp","href":"https:\/\/api.w.org\/{rel}","templated":true}]}}