{"id":2535,"date":"2021-11-29T13:26:59","date_gmt":"2021-11-29T12:26:59","guid":{"rendered":"https:\/\/medi-lite.com\/?page_id=2535"},"modified":"2021-11-29T13:56:54","modified_gmt":"2021-11-29T12:56:54","slug":"ipertensione","status":"publish","type":"page","link":"https:\/\/medi-lite.com\/index.php\/ipertensione\/","title":{"rendered":"La Dieta Mediterranea riduce i valori di pressione sanguigna: risultati di una recente revisione sistematica con meta-analisi"},"content":{"rendered":"[et_pb_section fb_built=&#8221;1&#8243; _builder_version=&#8221;3.22&#8243; fb_built=&#8221;1&#8243; bb_built=&#8221;1&#8243; _i=&#8221;0&#8243; _address=&#8221;0&#8243;][et_pb_row _builder_version=&#8221;3.25&#8243; background_size=&#8221;initial&#8221; background_position=&#8221;top_left&#8221; background_repeat=&#8221;repeat&#8221; _i=&#8221;0&#8243; _address=&#8221;0.0&#8243;][et_pb_column type=&#8221;4_4&#8243; _builder_version=&#8221;3.0.47&#8243; custom_padding=&#8221;|||&#8221; custom_padding__hover=&#8221;|||&#8221; _i=&#8221;0&#8243; _address=&#8221;0.0.0&#8243;][et_pb_post_title author=&#8221;off&#8221; date=&#8221;off&#8221; _builder_version=&#8221;3.27.4&#8243; z_index_tablet=&#8221;500&#8243; title_text_shadow_horizontal_length_tablet=&#8221;0px&#8221; title_text_shadow_vertical_length_tablet=&#8221;0px&#8221; title_text_shadow_blur_strength_tablet=&#8221;1px&#8221; meta_text_shadow_horizontal_length_tablet=&#8221;0px&#8221; meta_text_shadow_vertical_length_tablet=&#8221;0px&#8221; meta_text_shadow_blur_strength_tablet=&#8221;1px&#8221; box_shadow_horizontal_tablet=&#8221;0px&#8221; box_shadow_vertical_tablet=&#8221;0px&#8221; box_shadow_blur_tablet=&#8221;40px&#8221; box_shadow_spread_tablet=&#8221;0px&#8221; text_shadow_horizontal_length_tablet=&#8221;0px&#8221; text_shadow_vertical_length_tablet=&#8221;0px&#8221; text_shadow_blur_strength_tablet=&#8221;1px&#8221; _i=&#8221;0&#8243; _address=&#8221;0.0.0.0&#8243;][\/et_pb_post_title][et_pb_text _builder_version=&#8221;3.27.4&#8243; z_index_tablet=&#8221;500&#8243; text_text_shadow_horizontal_length_tablet=&#8221;0px&#8221; text_text_shadow_vertical_length_tablet=&#8221;0px&#8221; text_text_shadow_blur_strength_tablet=&#8221;1px&#8221; link_text_shadow_horizontal_length_tablet=&#8221;0px&#8221; link_text_shadow_vertical_length_tablet=&#8221;0px&#8221; link_text_shadow_blur_strength_tablet=&#8221;1px&#8221; ul_text_shadow_horizontal_length_tablet=&#8221;0px&#8221; ul_text_shadow_vertical_length_tablet=&#8221;0px&#8221; ul_text_shadow_blur_strength_tablet=&#8221;1px&#8221; ol_text_shadow_horizontal_length_tablet=&#8221;0px&#8221; ol_text_shadow_vertical_length_tablet=&#8221;0px&#8221; ol_text_shadow_blur_strength_tablet=&#8221;1px&#8221; quote_text_shadow_horizontal_length_tablet=&#8221;0px&#8221; quote_text_shadow_vertical_length_tablet=&#8221;0px&#8221; quote_text_shadow_blur_strength_tablet=&#8221;1px&#8221; header_text_shadow_horizontal_length_tablet=&#8221;0px&#8221; header_text_shadow_vertical_length_tablet=&#8221;0px&#8221; header_text_shadow_blur_strength_tablet=&#8221;1px&#8221; header_2_text_shadow_horizontal_length_tablet=&#8221;0px&#8221; header_2_text_shadow_vertical_length_tablet=&#8221;0px&#8221; header_2_text_shadow_blur_strength_tablet=&#8221;1px&#8221; header_3_text_shadow_horizontal_length_tablet=&#8221;0px&#8221; header_3_text_shadow_vertical_length_tablet=&#8221;0px&#8221; header_3_text_shadow_blur_strength_tablet=&#8221;1px&#8221; header_4_text_shadow_horizontal_length_tablet=&#8221;0px&#8221; header_4_text_shadow_vertical_length_tablet=&#8221;0px&#8221; header_4_text_shadow_blur_strength_tablet=&#8221;1px&#8221; header_5_text_shadow_horizontal_length_tablet=&#8221;0px&#8221; header_5_text_shadow_vertical_length_tablet=&#8221;0px&#8221; header_5_text_shadow_blur_strength_tablet=&#8221;1px&#8221; header_6_text_shadow_horizontal_length_tablet=&#8221;0px&#8221; header_6_text_shadow_vertical_length_tablet=&#8221;0px&#8221; header_6_text_shadow_blur_strength_tablet=&#8221;1px&#8221; box_shadow_horizontal_tablet=&#8221;0px&#8221; box_shadow_vertical_tablet=&#8221;0px&#8221; box_shadow_blur_tablet=&#8221;40px&#8221; box_shadow_spread_tablet=&#8221;0px&#8221; _i=&#8221;1&#8243; _address=&#8221;0.0.0.1&#8243;]\n<p style=\"text-align: justify;\"><span style=\"color: #000000;\">L\u2019<strong>ipertensione<\/strong> \u00e8 una condizione in cui i valori di pressione a riposo risultano costantemente pi\u00f9 alti degli standard fisiologici e questo pu\u00f2 portare ad un aumento del rischio di malattie cardiovascolari e di mortalit\u00e0. Viene definita \u201ckiller silenzioso\u201d perch\u00e9 non comporta alcun sintomo, ma pu\u00f2 degenerare in complicanze severe, talvolta fatali, rappresentando uno dei maggiori problemi clinici dei tempi moderni. Per questo, \u00e8 sempre pi\u00f9 evidente la necessit\u00e0 di adottare un sano stile di vita, basato su abitudini alimentari equilibrate, che garantisca il mantenimento di valori pressori fisiologici.<\/span><\/p>\n[\/et_pb_text][et_pb_image src=&#8221;https:\/\/medi-lite.com\/wp-content\/uploads\/2021\/11\/1219-scaled.jpg&#8221; align=&#8221;center&#8221; _builder_version=&#8221;3.27.4&#8243; min_height=&#8221;270px&#8221; max_height=&#8221;397px&#8221; custom_margin=&#8221;||34px|||&#8221; custom_padding=&#8221;||0px|||&#8221; _i=&#8221;2&#8243; _address=&#8221;0.0.0.2&#8243;][\/et_pb_image][et_pb_text _builder_version=&#8221;3.27.4&#8243; custom_padding=&#8221;||0px|||&#8221; z_index_tablet=&#8221;500&#8243; text_text_shadow_horizontal_length_tablet=&#8221;0px&#8221; text_text_shadow_vertical_length_tablet=&#8221;0px&#8221; text_text_shadow_blur_strength_tablet=&#8221;1px&#8221; link_text_shadow_horizontal_length_tablet=&#8221;0px&#8221; link_text_shadow_vertical_length_tablet=&#8221;0px&#8221; link_text_shadow_blur_strength_tablet=&#8221;1px&#8221; ul_text_shadow_horizontal_length_tablet=&#8221;0px&#8221; ul_text_shadow_vertical_length_tablet=&#8221;0px&#8221; ul_text_shadow_blur_strength_tablet=&#8221;1px&#8221; ol_text_shadow_horizontal_length_tablet=&#8221;0px&#8221; ol_text_shadow_vertical_length_tablet=&#8221;0px&#8221; ol_text_shadow_blur_strength_tablet=&#8221;1px&#8221; quote_text_shadow_horizontal_length_tablet=&#8221;0px&#8221; quote_text_shadow_vertical_length_tablet=&#8221;0px&#8221; quote_text_shadow_blur_strength_tablet=&#8221;1px&#8221; header_text_shadow_horizontal_length_tablet=&#8221;0px&#8221; header_text_shadow_vertical_length_tablet=&#8221;0px&#8221; header_text_shadow_blur_strength_tablet=&#8221;1px&#8221; header_2_text_shadow_horizontal_length_tablet=&#8221;0px&#8221; header_2_text_shadow_vertical_length_tablet=&#8221;0px&#8221; header_2_text_shadow_blur_strength_tablet=&#8221;1px&#8221; header_3_text_shadow_horizontal_length_tablet=&#8221;0px&#8221; header_3_text_shadow_vertical_length_tablet=&#8221;0px&#8221; header_3_text_shadow_blur_strength_tablet=&#8221;1px&#8221; header_4_text_shadow_horizontal_length_tablet=&#8221;0px&#8221; header_4_text_shadow_vertical_length_tablet=&#8221;0px&#8221; header_4_text_shadow_blur_strength_tablet=&#8221;1px&#8221; header_5_text_shadow_horizontal_length_tablet=&#8221;0px&#8221; header_5_text_shadow_vertical_length_tablet=&#8221;0px&#8221; header_5_text_shadow_blur_strength_tablet=&#8221;1px&#8221; header_6_text_shadow_horizontal_length_tablet=&#8221;0px&#8221; header_6_text_shadow_vertical_length_tablet=&#8221;0px&#8221; header_6_text_shadow_blur_strength_tablet=&#8221;1px&#8221; box_shadow_horizontal_tablet=&#8221;0px&#8221; box_shadow_vertical_tablet=&#8221;0px&#8221; box_shadow_blur_tablet=&#8221;40px&#8221; box_shadow_spread_tablet=&#8221;0px&#8221; inline_fonts=&#8221;Times New Roman&#8221; _i=&#8221;3&#8243; _address=&#8221;0.0.0.3&#8243;]\n<p style=\"text-align: justify;\"><span style=\"color: #000000;\">Una recente <strong>meta-analisi<\/strong>, che ha incluso <strong>35 trial randomizzati<\/strong>, per un totale di <strong>13 943 partecipanti<\/strong>, ha indagato la relazione tra <strong>dieta Mediterranea<\/strong>\u00a0e valori di pressione sanguigna in adulti con e senza ipertensione. Sono stati inclusi solo gli studi che esaminavano l\u2019effetto della dieta Mediterranea rispetto alla dieta abituale o ad un intervento dietetico, ad esempio dieta a basso contenuto di grassi o a basso contenuto di carboidrati.<\/span><\/p>\n<p style=\"text-align: justify;\"><span style=\"color: #000000;\">Dai risultati \u00e8 emerso che il regime alimentare mediterraneo era associato ad una <strong>riduzione significativa di pressione arteriosa<\/strong>, sia sistolica che diastolica, rispetto alle diete abituali. Questa riduzione era pi\u00f9 evidente nei soggetti con livelli di pressione maggiori al baseline, e negli studi con un follow-up pi\u00f9 lungo. D\u2019altra parte, non \u00e8 stato possibile confrontare l\u2019effetto della\u00a0<span>dieta Mediterranea<\/span>\u00a0in pazienti con e senza ipertensione, in quanto la maggior parte degli studi \u00e8 stata condotta su popolazioni miste.<\/span><\/p>\n<p style=\"text-align: justify;\"><span style=\"color: #000000;\">Nonostante la meta-analisi presenti alcuni limiti, come il numero limitato di partecipanti, le evidenze disponibili suggeriscono che <strong>l\u2019adozione della\u00a0dieta Mediterranea possa costituire un valido aiuto nel mantenimento dei valori di pressione normali<\/strong> e che possa essere raccomandata ai pazienti ipertesi.<\/span><\/p>\n[\/et_pb_text][et_pb_text _builder_version=&#8221;3.27.4&#8243; z_index_tablet=&#8221;500&#8243; text_text_shadow_horizontal_length_tablet=&#8221;0px&#8221; text_text_shadow_vertical_length_tablet=&#8221;0px&#8221; text_text_shadow_blur_strength_tablet=&#8221;1px&#8221; link_text_shadow_horizontal_length_tablet=&#8221;0px&#8221; link_text_shadow_vertical_length_tablet=&#8221;0px&#8221; link_text_shadow_blur_strength_tablet=&#8221;1px&#8221; ul_text_shadow_horizontal_length_tablet=&#8221;0px&#8221; ul_text_shadow_vertical_length_tablet=&#8221;0px&#8221; ul_text_shadow_blur_strength_tablet=&#8221;1px&#8221; ol_text_shadow_horizontal_length_tablet=&#8221;0px&#8221; ol_text_shadow_vertical_length_tablet=&#8221;0px&#8221; ol_text_shadow_blur_strength_tablet=&#8221;1px&#8221; quote_text_shadow_horizontal_length_tablet=&#8221;0px&#8221; quote_text_shadow_vertical_length_tablet=&#8221;0px&#8221; quote_text_shadow_blur_strength_tablet=&#8221;1px&#8221; header_text_shadow_horizontal_length_tablet=&#8221;0px&#8221; header_text_shadow_vertical_length_tablet=&#8221;0px&#8221; header_text_shadow_blur_strength_tablet=&#8221;1px&#8221; header_2_text_shadow_horizontal_length_tablet=&#8221;0px&#8221; header_2_text_shadow_vertical_length_tablet=&#8221;0px&#8221; header_2_text_shadow_blur_strength_tablet=&#8221;1px&#8221; header_3_text_shadow_horizontal_length_tablet=&#8221;0px&#8221; header_3_text_shadow_vertical_length_tablet=&#8221;0px&#8221; header_3_text_shadow_blur_strength_tablet=&#8221;1px&#8221; header_4_text_shadow_horizontal_length_tablet=&#8221;0px&#8221; header_4_text_shadow_vertical_length_tablet=&#8221;0px&#8221; header_4_text_shadow_blur_strength_tablet=&#8221;1px&#8221; header_5_text_shadow_horizontal_length_tablet=&#8221;0px&#8221; header_5_text_shadow_vertical_length_tablet=&#8221;0px&#8221; header_5_text_shadow_blur_strength_tablet=&#8221;1px&#8221; header_6_text_shadow_horizontal_length_tablet=&#8221;0px&#8221; header_6_text_shadow_vertical_length_tablet=&#8221;0px&#8221; header_6_text_shadow_blur_strength_tablet=&#8221;1px&#8221; box_shadow_horizontal_tablet=&#8221;0px&#8221; box_shadow_vertical_tablet=&#8221;0px&#8221; box_shadow_blur_tablet=&#8221;40px&#8221; box_shadow_spread_tablet=&#8221;0px&#8221; _i=&#8221;4&#8243; _address=&#8221;0.0.0.4&#8243;]\n<p style=\"text-align: justify;\"><strong>Fonte: <\/strong>Filippou et al. Mediterranean diet and blood pressure reduction in adults with and without hypertension: A systematic review and meta-analysis of randomized controlled trials. Clin Nutr. 2021; 40:3191-3200<\/p>\n[\/et_pb_text][\/et_pb_column][\/et_pb_row][\/et_pb_section]\n","protected":false},"excerpt":{"rendered":"<p>L\u2019ipertensione \u00e8 una condizione in cui i valori di pressione a riposo risultano costantemente pi\u00f9 alti degli standard fisiologici e questo pu\u00f2 portare ad un aumento del rischio di malattie cardiovascolari e di mortalit\u00e0. Viene definita \u201ckiller silenzioso\u201d perch\u00e9 non comporta alcun sintomo, ma pu\u00f2 degenerare in complicanze severe, talvolta fatali, rappresentando uno dei maggiori [&hellip;]<\/p>\n","protected":false},"author":2,"featured_media":0,"parent":0,"menu_order":0,"comment_status":"closed","ping_status":"closed","template":"","meta":{"_et_pb_use_builder":"on","_et_pb_old_content":"","_et_gb_content_width":""},"_links":{"self":[{"href":"https:\/\/medi-lite.com\/index.php\/wp-json\/wp\/v2\/pages\/2535"}],"collection":[{"href":"https:\/\/medi-lite.com\/index.php\/wp-json\/wp\/v2\/pages"}],"about":[{"href":"https:\/\/medi-lite.com\/index.php\/wp-json\/wp\/v2\/types\/page"}],"author":[{"embeddable":true,"href":"https:\/\/medi-lite.com\/index.php\/wp-json\/wp\/v2\/users\/2"}],"replies":[{"embeddable":true,"href":"https:\/\/medi-lite.com\/index.php\/wp-json\/wp\/v2\/comments?post=2535"}],"version-history":[{"count":4,"href":"https:\/\/medi-lite.com\/index.php\/wp-json\/wp\/v2\/pages\/2535\/revisions"}],"predecessor-version":[{"id":2555,"href":"https:\/\/medi-lite.com\/index.php\/wp-json\/wp\/v2\/pages\/2535\/revisions\/2555"}],"wp:attachment":[{"href":"https:\/\/medi-lite.com\/index.php\/wp-json\/wp\/v2\/media?parent=2535"}],"curies":[{"name":"wp","href":"https:\/\/api.w.org\/{rel}","templated":true}]}}