{"id":2225,"date":"2020-12-15T10:22:34","date_gmt":"2020-12-15T09:22:34","guid":{"rendered":"https:\/\/medi-lite.com\/?page_id=2225"},"modified":"2020-12-15T10:25:16","modified_gmt":"2020-12-15T09:25:16","slug":"la-pasta-aiuta-a-dimagrire","status":"publish","type":"page","link":"https:\/\/medi-lite.com\/index.php\/la-pasta-aiuta-a-dimagrire\/","title":{"rendered":"La pasta aiuta a dimagrire"},"content":{"rendered":"[et_pb_section fb_built=&#8221;1&#8243; _builder_version=&#8221;3.22&#8243; fb_built=&#8221;1&#8243; bb_built=&#8221;1&#8243; _i=&#8221;0&#8243; _address=&#8221;0&#8243;][et_pb_row _builder_version=&#8221;3.25&#8243; background_size=&#8221;initial&#8221; background_position=&#8221;top_left&#8221; background_repeat=&#8221;repeat&#8221; _i=&#8221;0&#8243; _address=&#8221;0.0&#8243;][et_pb_column type=&#8221;4_4&#8243; _builder_version=&#8221;3.0.47&#8243; custom_padding=&#8221;|||&#8221; custom_padding__hover=&#8221;|||&#8221; _i=&#8221;0&#8243; _address=&#8221;0.0.0&#8243;][et_pb_post_title author=&#8221;off&#8221; date=&#8221;off&#8221; _builder_version=&#8221;3.27.4&#8243; z_index_tablet=&#8221;500&#8243; title_text_shadow_horizontal_length_tablet=&#8221;0px&#8221; title_text_shadow_vertical_length_tablet=&#8221;0px&#8221; title_text_shadow_blur_strength_tablet=&#8221;1px&#8221; meta_text_shadow_horizontal_length_tablet=&#8221;0px&#8221; meta_text_shadow_vertical_length_tablet=&#8221;0px&#8221; meta_text_shadow_blur_strength_tablet=&#8221;1px&#8221; box_shadow_horizontal_tablet=&#8221;0px&#8221; box_shadow_vertical_tablet=&#8221;0px&#8221; box_shadow_blur_tablet=&#8221;40px&#8221; box_shadow_spread_tablet=&#8221;0px&#8221; text_shadow_horizontal_length_tablet=&#8221;0px&#8221; text_shadow_vertical_length_tablet=&#8221;0px&#8221; text_shadow_blur_strength_tablet=&#8221;1px&#8221; _i=&#8221;0&#8243; _address=&#8221;0.0.0.0&#8243;][\/et_pb_post_title][et_pb_text _builder_version=&#8221;3.27.4&#8243; z_index_tablet=&#8221;500&#8243; hover_enabled=&#8221;0&#8243; text_text_shadow_horizontal_length_tablet=&#8221;0px&#8221; text_text_shadow_vertical_length_tablet=&#8221;0px&#8221; text_text_shadow_blur_strength_tablet=&#8221;1px&#8221; link_text_shadow_horizontal_length_tablet=&#8221;0px&#8221; link_text_shadow_vertical_length_tablet=&#8221;0px&#8221; link_text_shadow_blur_strength_tablet=&#8221;1px&#8221; ul_text_shadow_horizontal_length_tablet=&#8221;0px&#8221; ul_text_shadow_vertical_length_tablet=&#8221;0px&#8221; ul_text_shadow_blur_strength_tablet=&#8221;1px&#8221; ol_text_shadow_horizontal_length_tablet=&#8221;0px&#8221; ol_text_shadow_vertical_length_tablet=&#8221;0px&#8221; ol_text_shadow_blur_strength_tablet=&#8221;1px&#8221; quote_text_shadow_horizontal_length_tablet=&#8221;0px&#8221; quote_text_shadow_vertical_length_tablet=&#8221;0px&#8221; quote_text_shadow_blur_strength_tablet=&#8221;1px&#8221; header_text_shadow_horizontal_length_tablet=&#8221;0px&#8221; header_text_shadow_vertical_length_tablet=&#8221;0px&#8221; header_text_shadow_blur_strength_tablet=&#8221;1px&#8221; header_2_text_shadow_horizontal_length_tablet=&#8221;0px&#8221; header_2_text_shadow_vertical_length_tablet=&#8221;0px&#8221; header_2_text_shadow_blur_strength_tablet=&#8221;1px&#8221; header_3_text_shadow_horizontal_length_tablet=&#8221;0px&#8221; header_3_text_shadow_vertical_length_tablet=&#8221;0px&#8221; header_3_text_shadow_blur_strength_tablet=&#8221;1px&#8221; header_4_text_shadow_horizontal_length_tablet=&#8221;0px&#8221; header_4_text_shadow_vertical_length_tablet=&#8221;0px&#8221; header_4_text_shadow_blur_strength_tablet=&#8221;1px&#8221; header_5_text_shadow_horizontal_length_tablet=&#8221;0px&#8221; header_5_text_shadow_vertical_length_tablet=&#8221;0px&#8221; header_5_text_shadow_blur_strength_tablet=&#8221;1px&#8221; header_6_text_shadow_horizontal_length_tablet=&#8221;0px&#8221; header_6_text_shadow_vertical_length_tablet=&#8221;0px&#8221; header_6_text_shadow_blur_strength_tablet=&#8221;1px&#8221; box_shadow_horizontal_tablet=&#8221;0px&#8221; box_shadow_vertical_tablet=&#8221;0px&#8221; box_shadow_blur_tablet=&#8221;40px&#8221; box_shadow_spread_tablet=&#8221;0px&#8221; _i=&#8221;1&#8243; _address=&#8221;0.0.0.1&#8243;]\n<p style=\"text-align: justify;\"><span style=\"color: #000000;\">Negli ultimi anni \u00e8 dilagata sempre pi\u00f9 l\u2019idea che sovrappeso e obesit\u00e0 possano essere legati al consumo di pane, pasta e altre fonti di carboidrati. Pensiero molto diffuso, tanto che \u00e8 stato coniato un nuovo termine per spiegare la paura di mangiare alimenti ricchi di carboidrati: carbofobia. Ma \u00e8 vero che per dimagrire si devono eliminare i carboidrati, e in particolare la pasta?<\/span><\/p>\n[\/et_pb_text][et_pb_image src=&#8221;https:\/\/medi-lite.com\/wp-content\/uploads\/2020\/12\/Pasta.jpeg&#8221; align=&#8221;center&#8221; _builder_version=&#8221;3.27.4&#8243; min_height=&#8221;270px&#8221; custom_margin=&#8221;||34px|||&#8221; hover_enabled=&#8221;0&#8243; _i=&#8221;2&#8243; _address=&#8221;0.0.0.2&#8243;][\/et_pb_image][et_pb_text _builder_version=&#8221;3.27.4&#8243; custom_padding=&#8221;||0px|||&#8221; z_index_tablet=&#8221;500&#8243; text_text_shadow_horizontal_length_tablet=&#8221;0px&#8221; text_text_shadow_vertical_length_tablet=&#8221;0px&#8221; text_text_shadow_blur_strength_tablet=&#8221;1px&#8221; link_text_shadow_horizontal_length_tablet=&#8221;0px&#8221; link_text_shadow_vertical_length_tablet=&#8221;0px&#8221; link_text_shadow_blur_strength_tablet=&#8221;1px&#8221; ul_text_shadow_horizontal_length_tablet=&#8221;0px&#8221; ul_text_shadow_vertical_length_tablet=&#8221;0px&#8221; ul_text_shadow_blur_strength_tablet=&#8221;1px&#8221; ol_text_shadow_horizontal_length_tablet=&#8221;0px&#8221; ol_text_shadow_vertical_length_tablet=&#8221;0px&#8221; ol_text_shadow_blur_strength_tablet=&#8221;1px&#8221; quote_text_shadow_horizontal_length_tablet=&#8221;0px&#8221; quote_text_shadow_vertical_length_tablet=&#8221;0px&#8221; quote_text_shadow_blur_strength_tablet=&#8221;1px&#8221; header_text_shadow_horizontal_length_tablet=&#8221;0px&#8221; header_text_shadow_vertical_length_tablet=&#8221;0px&#8221; header_text_shadow_blur_strength_tablet=&#8221;1px&#8221; header_2_text_shadow_horizontal_length_tablet=&#8221;0px&#8221; header_2_text_shadow_vertical_length_tablet=&#8221;0px&#8221; header_2_text_shadow_blur_strength_tablet=&#8221;1px&#8221; header_3_text_shadow_horizontal_length_tablet=&#8221;0px&#8221; header_3_text_shadow_vertical_length_tablet=&#8221;0px&#8221; header_3_text_shadow_blur_strength_tablet=&#8221;1px&#8221; header_4_text_shadow_horizontal_length_tablet=&#8221;0px&#8221; header_4_text_shadow_vertical_length_tablet=&#8221;0px&#8221; header_4_text_shadow_blur_strength_tablet=&#8221;1px&#8221; header_5_text_shadow_horizontal_length_tablet=&#8221;0px&#8221; header_5_text_shadow_vertical_length_tablet=&#8221;0px&#8221; header_5_text_shadow_blur_strength_tablet=&#8221;1px&#8221; header_6_text_shadow_horizontal_length_tablet=&#8221;0px&#8221; header_6_text_shadow_vertical_length_tablet=&#8221;0px&#8221; header_6_text_shadow_blur_strength_tablet=&#8221;1px&#8221; box_shadow_horizontal_tablet=&#8221;0px&#8221; box_shadow_vertical_tablet=&#8221;0px&#8221; box_shadow_blur_tablet=&#8221;40px&#8221; box_shadow_spread_tablet=&#8221;0px&#8221; inline_fonts=&#8221;Times New Roman&#8221; _i=&#8221;3&#8243; _address=&#8221;0.0.0.3&#8243;]\n<p style=\"text-align: justify;\"><span style=\"color: #000000;\">Un nuovo studio condotto dai ricercatori dell\u2019Universit\u00e0 di Parma e pubblicato sulla rivista <em>\u201cNutrition, Metabolism &amp; Cardiovascular Diseases<\/em>\u201d ha osservato l\u2019effetto del consumo di pasta sulla regolazione del peso corporeo. Il trial clinico, durato 6 mesi, ha preso in considerazione <strong>49 adulti<\/strong> con una condizione di obesit\u00e0 (BMI tra 30-45 kg\/m<sup>2<\/sup>). All\u2019inizio dello studio i partecipanti sono stati suddivisi in due gruppi in base al loro abituale consumo di pasta: il gruppo ad elevato consumo di <strong>pasta<\/strong> (almeno 5 porzioni a settimana) e il gruppo a basso consumo di pasta (meno di 3 porzioni a settimana). In base a questo, ogni partecipante ha poi ricevuto una <strong>Dieta Mediterranea <\/strong>ipocalorica ed \u00e8 stato sottoposto a misurazione dei parametri antropometrici, a un prelievo di sangue e alla compilazione di un questionario di valutazione della qualit\u00e0 della vita: \u201cShort-Form Health Surveys\u201d (SF-36).<\/span><\/p>\n<p style=\"text-align: justify;\"><span style=\"color: #000000;\">Dopo 6 mesi di intervento, entrambi i gruppi hanno riportato una <strong>riduzione significativa del peso corporeo,<\/strong> e in particolare di <strong>massa grassa<\/strong>, confermando che una Dieta Mediterranea ipocalorica pu\u00f2 essere un\u2019ottima strategia per ridurre l\u2019obesit\u00e0 addominale. Sono emersi anche miglioramenti nel controllo glicemico e del metabolismo lipidico. Entrambi i gruppi, infatti, hanno ridotto significativamente i valori di glicemia a digiuno, di insulina e di trigliceridi, mentre il colesterolo HDL \u00e8 aumentato significativamente solo nel gruppo ad alto consumo di pasta. Il questionario SF-36, infine, ha evidenziato un <strong>miglioramento della qualit\u00e0 della vita<\/strong> solo nel gruppo ad alto consumo di pasta.<\/span><\/p>\n<p style=\"text-align: justify;\"><span style=\"color: #000000;\"><\/span><\/p>\n<p style=\"text-align: justify;\"><span style=\"color: #000000;\">Come evidenziano gli autori, i risultati dello studio suggeriscono che \u00e8 possibile dimagrire anche mangiando pasta tutti i giorni e anzi questo potrebbe avere un effetto benefico sulla sfera psicologica ed emotiva. Ricordiamo infine che una condizione di sovrappeso o obesit\u00e0 \u00e8 determinata dallo squilibrio tra energia introdotta e consumata, quindi non pu\u00f2 essere colpevolizzata una sola categoria di nutrienti.<\/span><\/p>\n[\/et_pb_text][et_pb_text _builder_version=&#8221;3.27.4&#8243; z_index_tablet=&#8221;500&#8243; text_text_shadow_horizontal_length_tablet=&#8221;0px&#8221; text_text_shadow_vertical_length_tablet=&#8221;0px&#8221; text_text_shadow_blur_strength_tablet=&#8221;1px&#8221; link_text_shadow_horizontal_length_tablet=&#8221;0px&#8221; link_text_shadow_vertical_length_tablet=&#8221;0px&#8221; link_text_shadow_blur_strength_tablet=&#8221;1px&#8221; ul_text_shadow_horizontal_length_tablet=&#8221;0px&#8221; ul_text_shadow_vertical_length_tablet=&#8221;0px&#8221; ul_text_shadow_blur_strength_tablet=&#8221;1px&#8221; ol_text_shadow_horizontal_length_tablet=&#8221;0px&#8221; ol_text_shadow_vertical_length_tablet=&#8221;0px&#8221; ol_text_shadow_blur_strength_tablet=&#8221;1px&#8221; quote_text_shadow_horizontal_length_tablet=&#8221;0px&#8221; quote_text_shadow_vertical_length_tablet=&#8221;0px&#8221; quote_text_shadow_blur_strength_tablet=&#8221;1px&#8221; header_text_shadow_horizontal_length_tablet=&#8221;0px&#8221; header_text_shadow_vertical_length_tablet=&#8221;0px&#8221; header_text_shadow_blur_strength_tablet=&#8221;1px&#8221; header_2_text_shadow_horizontal_length_tablet=&#8221;0px&#8221; header_2_text_shadow_vertical_length_tablet=&#8221;0px&#8221; header_2_text_shadow_blur_strength_tablet=&#8221;1px&#8221; header_3_text_shadow_horizontal_length_tablet=&#8221;0px&#8221; header_3_text_shadow_vertical_length_tablet=&#8221;0px&#8221; header_3_text_shadow_blur_strength_tablet=&#8221;1px&#8221; header_4_text_shadow_horizontal_length_tablet=&#8221;0px&#8221; header_4_text_shadow_vertical_length_tablet=&#8221;0px&#8221; header_4_text_shadow_blur_strength_tablet=&#8221;1px&#8221; header_5_text_shadow_horizontal_length_tablet=&#8221;0px&#8221; header_5_text_shadow_vertical_length_tablet=&#8221;0px&#8221; header_5_text_shadow_blur_strength_tablet=&#8221;1px&#8221; header_6_text_shadow_horizontal_length_tablet=&#8221;0px&#8221; header_6_text_shadow_vertical_length_tablet=&#8221;0px&#8221; header_6_text_shadow_blur_strength_tablet=&#8221;1px&#8221; box_shadow_horizontal_tablet=&#8221;0px&#8221; box_shadow_vertical_tablet=&#8221;0px&#8221; box_shadow_blur_tablet=&#8221;40px&#8221; box_shadow_spread_tablet=&#8221;0px&#8221; _i=&#8221;4&#8243; _address=&#8221;0.0.0.4&#8243;]\n<p style=\"text-align: justify;\"><strong>Fonte:<\/strong> Rosi A, Tesan M, Cremonini A, et al. Body weight of individuals with obesity decrease after a 6-month high pasta or low pasta Mediterranean diet weight-loss intervention. Nutrition, metabolism &amp; Cardiovascular Diseases, 2020, 30, 984-995.<\/p>\n[\/et_pb_text][\/et_pb_column][\/et_pb_row][\/et_pb_section]\n","protected":false},"excerpt":{"rendered":"<p>Negli ultimi anni \u00e8 dilagata sempre pi\u00f9 l\u2019idea che sovrappeso e obesit\u00e0 possano essere legati al consumo di pane, pasta e altre fonti di carboidrati. Pensiero molto diffuso, tanto che \u00e8 stato coniato un nuovo termine per spiegare la paura di mangiare alimenti ricchi di carboidrati: carbofobia. Ma \u00e8 vero che per dimagrire si devono [&hellip;]<\/p>\n","protected":false},"author":2,"featured_media":0,"parent":0,"menu_order":0,"comment_status":"closed","ping_status":"closed","template":"","meta":{"_et_pb_use_builder":"on","_et_pb_old_content":"","_et_gb_content_width":""},"_links":{"self":[{"href":"https:\/\/medi-lite.com\/index.php\/wp-json\/wp\/v2\/pages\/2225"}],"collection":[{"href":"https:\/\/medi-lite.com\/index.php\/wp-json\/wp\/v2\/pages"}],"about":[{"href":"https:\/\/medi-lite.com\/index.php\/wp-json\/wp\/v2\/types\/page"}],"author":[{"embeddable":true,"href":"https:\/\/medi-lite.com\/index.php\/wp-json\/wp\/v2\/users\/2"}],"replies":[{"embeddable":true,"href":"https:\/\/medi-lite.com\/index.php\/wp-json\/wp\/v2\/comments?post=2225"}],"version-history":[{"count":2,"href":"https:\/\/medi-lite.com\/index.php\/wp-json\/wp\/v2\/pages\/2225\/revisions"}],"predecessor-version":[{"id":2229,"href":"https:\/\/medi-lite.com\/index.php\/wp-json\/wp\/v2\/pages\/2225\/revisions\/2229"}],"wp:attachment":[{"href":"https:\/\/medi-lite.com\/index.php\/wp-json\/wp\/v2\/media?parent=2225"}],"curies":[{"name":"wp","href":"https:\/\/api.w.org\/{rel}","templated":true}]}}