{"id":1996,"date":"2020-07-12T08:54:41","date_gmt":"2020-07-12T06:54:41","guid":{"rendered":"https:\/\/medi-lite.com\/?page_id=1996"},"modified":"2020-07-12T10:33:41","modified_gmt":"2020-07-12T08:33:41","slug":"news-1","status":"publish","type":"page","link":"https:\/\/medi-lite.com\/index.php\/news-1\/","title":{"rendered":"Dieta Mediterranea vs. Dieta Vegetariana"},"content":{"rendered":"[et_pb_section fb_built=&#8221;1&#8243; _builder_version=&#8221;3.22&#8243; bb_built=&#8221;1&#8243; _i=&#8221;0&#8243; _address=&#8221;0&#8243;][et_pb_row _builder_version=&#8221;3.25&#8243; background_size=&#8221;initial&#8221; background_position=&#8221;top_left&#8221; background_repeat=&#8221;repeat&#8221; _i=&#8221;0&#8243; _address=&#8221;0.0&#8243;][et_pb_column type=&#8221;4_4&#8243; _builder_version=&#8221;3.25&#8243; custom_padding=&#8221;|||&#8221; _i=&#8221;0&#8243; _address=&#8221;0.0.0&#8243; custom_padding__hover=&#8221;|||&#8221;][et_pb_post_title author=&#8221;off&#8221; date=&#8221;off&#8221; _builder_version=&#8221;3.27.4&#8243; z_index_tablet=&#8221;500&#8243; title_text_shadow_horizontal_length_tablet=&#8221;0px&#8221; title_text_shadow_vertical_length_tablet=&#8221;0px&#8221; title_text_shadow_blur_strength_tablet=&#8221;1px&#8221; meta_text_shadow_horizontal_length_tablet=&#8221;0px&#8221; meta_text_shadow_vertical_length_tablet=&#8221;0px&#8221; meta_text_shadow_blur_strength_tablet=&#8221;1px&#8221; box_shadow_horizontal_tablet=&#8221;0px&#8221; box_shadow_vertical_tablet=&#8221;0px&#8221; box_shadow_blur_tablet=&#8221;40px&#8221; box_shadow_spread_tablet=&#8221;0px&#8221; text_shadow_horizontal_length_tablet=&#8221;0px&#8221; text_shadow_vertical_length_tablet=&#8221;0px&#8221; text_shadow_blur_strength_tablet=&#8221;1px&#8221; _i=&#8221;0&#8243; _address=&#8221;0.0.0.0&#8243;][\/et_pb_post_title][et_pb_text _builder_version=&#8221;3.27.4&#8243; custom_padding=&#8221;11px|||||&#8221; _i=&#8221;1&#8243; _address=&#8221;0.0.0.1&#8243;]\n<p style=\"text-align: justify;\"><span style=\"color: #000000;\">Come ben sappiamo, l\u2019alimentazione gioca un ruolo fondamentale nel mantenimento dello stato di salute e ha un ruolo chiave nella determinazione del <strong>rischio cardiovascolare<\/strong>. Tuttavia, la dieta ottimale per la prevenzione cardiovascolare non \u00e8 stata ancora definita in modo univoco. Tra i vari modelli alimentari, la <strong>Dieta Mediterranea<\/strong>, riconosciuta anche patrimonio dell\u2019umanit\u00e0, \u00e8 sicuramente uno dei pi\u00f9 salutari. Tipica dei paesi che si affacciano sul Mediterraneo, essa \u00e8 caratterizzata da un abbondante consumo di verdura, frutta e cereali, l\u2019utilizzo di olio di oliva come principale fonte di grassi, un bicchiere di vino durante i pasti, carne con moderazione e pesce almeno 2 volte a settimana. Un altro modello dietetico che sta acquistando sempre pi\u00f9 popolarit\u00e0 \u00e8 quello <strong>vegetariano<\/strong>. Caratterizzato dal consumo di verdura, frutta e cereali, esso prevede l\u2019esclusione di carne e pesce e l\u2019utilizzo di legumi, formaggi e latticini come principale fonte di proteine.\u00a0\u00a0<\/span><\/p>\n[\/et_pb_text][et_pb_image src=&#8221;https:\/\/medi-lite.com\/wp-content\/uploads\/2020\/06\/Immagine-1.jpg&#8221; _builder_version=&#8221;3.27.4&#8243; width=&#8221;71%&#8221; max_width=&#8221;72%&#8221; module_alignment=&#8221;center&#8221; _i=&#8221;2&#8243; _address=&#8221;0.0.0.2&#8243;][\/et_pb_image][et_pb_text _builder_version=&#8221;3.27.4&#8243; _i=&#8221;3&#8243; _address=&#8221;0.0.0.3&#8243;]\n<p style=\"text-align: justify;\"><span style=\"color: #000000;\">In un <strong>trial clinico<\/strong> pubblicato sulla rivista <em>Circulation<\/em> \u00e8 stata confrontata per la prima volta l\u2019efficacia, in termini di riduzione dei principali fattori di rischio cardiovascolare, della Dieta Mediterranea a della dieta vegetariana. La ricerca ha visto <strong>118 soggetti<\/strong> onnivori, clinicamente sani, seguire per 3 mesi una Dieta Mediterranea e per 3 mesi una dieta vegetariana, all\u2019interno di uno studio di tipo randomizzato controllato a due braccia di intervento con modalit\u00e0 cross-over. I partecipanti, di et\u00e0 compresa tra 18 e 75 anni, presentavano un profilo di rischio cardiovascolare medio-basso, determinato, oltre che da uno stato di sovrappeso, da non pi\u00f9 di due ulteriori fattori di rischio (es. alterazione dei valori di colesterolo LDL e trigliceridi).<\/span><\/p>\n<p style=\"text-align: justify;\"><span style=\"color: #000000;\">Alla fine dello studio sono stati osservati <strong>effetti positivi per entrambe le diete<\/strong>, con una riduzione simile dei parametri antropometrici (peso corporeo, indice di massa corporea e massa grassa), dello stress ossidativo e dell\u2019infiammazione. Alcune differenze sono state invece riscontrate per il <strong>colesterolo<\/strong> e per la <strong>vitamina B12<\/strong>, che si sono ridotti solamente nella fase vegetariana, e per i <strong>trigliceridi<\/strong>, che sono migliorati solamente durante la fase Mediterranea.<\/span><\/p>\n<p style=\"text-align: justify;\"><span style=\"color: #000000;\">Tra i punti di forza dello studio, il suo disegno di tipo crossover che ha permesso di valutare gli effetti delle due diete sullo stesso soggetto a fasi alterne, la confrontabilit\u00e0 delle due diete somministrate che differivano solamente per la presenza o meno di carne e pesce, e l\u2019elevato grado di aderenza dimostrato dai partecipanti, a indicazione del fatto che entrambi i profili alimentari presentavano una buona accettabilit\u00e0 e fattibilit\u00e0. Tra le principali limitazioni, la durata dello studio e il numero di partecipanti che, seppur pi\u00f9 alto rispetto a quello degli studi attualmente disponibili, risulta comunque limitato.<\/span><\/p>\n<p style=\"text-align: justify;\"><span style=\"color: #000000;\">Il <strong>messaggio finale<\/strong> di questo studio \u00e8 molto semplice, ed \u00e8 che le persone hanno pi\u00f9 di una scelta per una dieta sana per proteggere il cuore.<\/span><\/p>\n[\/et_pb_text][et_pb_text _builder_version=&#8221;3.27.4&#8243; _i=&#8221;4&#8243; _address=&#8221;0.0.0.4&#8243;]\n<p style=\"text-align: justify;\"><strong>Fonte:<\/strong> Sofi F, Dinu M, Pagliai G, et al. Low-Calorie Vegetarian Versus Mediterranean Diets for Reducing Body Weight and Improving Cardiovascular Risk Profile: CARDIVEG Study (Cardiovascular Prevention With Vegetarian Diet). Circulation. 2018;137:1103-1113.<\/p>\n[\/et_pb_text][et_pb_text _builder_version=&#8221;3.27.4&#8243; z_index_tablet=&#8221;500&#8243; text_text_shadow_horizontal_length_tablet=&#8221;0px&#8221; text_text_shadow_vertical_length_tablet=&#8221;0px&#8221; text_text_shadow_blur_strength_tablet=&#8221;1px&#8221; link_text_shadow_horizontal_length_tablet=&#8221;0px&#8221; link_text_shadow_vertical_length_tablet=&#8221;0px&#8221; link_text_shadow_blur_strength_tablet=&#8221;1px&#8221; ul_text_shadow_horizontal_length_tablet=&#8221;0px&#8221; ul_text_shadow_vertical_length_tablet=&#8221;0px&#8221; ul_text_shadow_blur_strength_tablet=&#8221;1px&#8221; ol_text_shadow_horizontal_length_tablet=&#8221;0px&#8221; ol_text_shadow_vertical_length_tablet=&#8221;0px&#8221; ol_text_shadow_blur_strength_tablet=&#8221;1px&#8221; quote_text_shadow_horizontal_length_tablet=&#8221;0px&#8221; quote_text_shadow_vertical_length_tablet=&#8221;0px&#8221; quote_text_shadow_blur_strength_tablet=&#8221;1px&#8221; header_text_shadow_horizontal_length_tablet=&#8221;0px&#8221; header_text_shadow_vertical_length_tablet=&#8221;0px&#8221; header_text_shadow_blur_strength_tablet=&#8221;1px&#8221; header_2_text_shadow_horizontal_length_tablet=&#8221;0px&#8221; header_2_text_shadow_vertical_length_tablet=&#8221;0px&#8221; header_2_text_shadow_blur_strength_tablet=&#8221;1px&#8221; header_3_text_shadow_horizontal_length_tablet=&#8221;0px&#8221; header_3_text_shadow_vertical_length_tablet=&#8221;0px&#8221; header_3_text_shadow_blur_strength_tablet=&#8221;1px&#8221; header_4_text_shadow_horizontal_length_tablet=&#8221;0px&#8221; header_4_text_shadow_vertical_length_tablet=&#8221;0px&#8221; header_4_text_shadow_blur_strength_tablet=&#8221;1px&#8221; header_5_text_shadow_horizontal_length_tablet=&#8221;0px&#8221; header_5_text_shadow_vertical_length_tablet=&#8221;0px&#8221; header_5_text_shadow_blur_strength_tablet=&#8221;1px&#8221; header_6_text_shadow_horizontal_length_tablet=&#8221;0px&#8221; header_6_text_shadow_vertical_length_tablet=&#8221;0px&#8221; header_6_text_shadow_blur_strength_tablet=&#8221;1px&#8221; box_shadow_horizontal_tablet=&#8221;0px&#8221; box_shadow_vertical_tablet=&#8221;0px&#8221; box_shadow_blur_tablet=&#8221;40px&#8221; box_shadow_spread_tablet=&#8221;0px&#8221; _i=&#8221;5&#8243; _address=&#8221;0.0.0.5&#8243;][\/et_pb_text][et_pb_image _builder_version=&#8221;3.27.4&#8243; z_index_tablet=&#8221;500&#8243; box_shadow_horizontal_tablet=&#8221;0px&#8221; box_shadow_vertical_tablet=&#8221;0px&#8221; box_shadow_blur_tablet=&#8221;40px&#8221; box_shadow_spread_tablet=&#8221;0px&#8221; _i=&#8221;6&#8243; _address=&#8221;0.0.0.6&#8243;][\/et_pb_image][et_pb_text _builder_version=&#8221;3.27.4&#8243; z_index_tablet=&#8221;500&#8243; text_text_shadow_horizontal_length_tablet=&#8221;0px&#8221; text_text_shadow_vertical_length_tablet=&#8221;0px&#8221; text_text_shadow_blur_strength_tablet=&#8221;1px&#8221; link_text_shadow_horizontal_length_tablet=&#8221;0px&#8221; link_text_shadow_vertical_length_tablet=&#8221;0px&#8221; link_text_shadow_blur_strength_tablet=&#8221;1px&#8221; ul_text_shadow_horizontal_length_tablet=&#8221;0px&#8221; ul_text_shadow_vertical_length_tablet=&#8221;0px&#8221; ul_text_shadow_blur_strength_tablet=&#8221;1px&#8221; ol_text_shadow_horizontal_length_tablet=&#8221;0px&#8221; ol_text_shadow_vertical_length_tablet=&#8221;0px&#8221; ol_text_shadow_blur_strength_tablet=&#8221;1px&#8221; quote_text_shadow_horizontal_length_tablet=&#8221;0px&#8221; quote_text_shadow_vertical_length_tablet=&#8221;0px&#8221; quote_text_shadow_blur_strength_tablet=&#8221;1px&#8221; header_text_shadow_horizontal_length_tablet=&#8221;0px&#8221; header_text_shadow_vertical_length_tablet=&#8221;0px&#8221; header_text_shadow_blur_strength_tablet=&#8221;1px&#8221; header_2_text_shadow_horizontal_length_tablet=&#8221;0px&#8221; header_2_text_shadow_vertical_length_tablet=&#8221;0px&#8221; header_2_text_shadow_blur_strength_tablet=&#8221;1px&#8221; header_3_text_shadow_horizontal_length_tablet=&#8221;0px&#8221; header_3_text_shadow_vertical_length_tablet=&#8221;0px&#8221; header_3_text_shadow_blur_strength_tablet=&#8221;1px&#8221; header_4_text_shadow_horizontal_length_tablet=&#8221;0px&#8221; header_4_text_shadow_vertical_length_tablet=&#8221;0px&#8221; header_4_text_shadow_blur_strength_tablet=&#8221;1px&#8221; header_5_text_shadow_horizontal_length_tablet=&#8221;0px&#8221; header_5_text_shadow_vertical_length_tablet=&#8221;0px&#8221; header_5_text_shadow_blur_strength_tablet=&#8221;1px&#8221; header_6_text_shadow_horizontal_length_tablet=&#8221;0px&#8221; header_6_text_shadow_vertical_length_tablet=&#8221;0px&#8221; header_6_text_shadow_blur_strength_tablet=&#8221;1px&#8221; box_shadow_horizontal_tablet=&#8221;0px&#8221; box_shadow_vertical_tablet=&#8221;0px&#8221; box_shadow_blur_tablet=&#8221;40px&#8221; box_shadow_spread_tablet=&#8221;0px&#8221; _i=&#8221;7&#8243; _address=&#8221;0.0.0.7&#8243;][\/et_pb_text][\/et_pb_column][\/et_pb_row][\/et_pb_section]\n","protected":false},"excerpt":{"rendered":"<p>Come ben sappiamo, l\u2019alimentazione gioca un ruolo fondamentale nel mantenimento dello stato di salute e ha un ruolo chiave nella determinazione del rischio cardiovascolare. Tuttavia, la dieta ottimale per la prevenzione cardiovascolare non \u00e8 stata ancora definita in modo univoco. Tra i vari modelli alimentari, la Dieta Mediterranea, riconosciuta anche patrimonio dell\u2019umanit\u00e0, \u00e8 sicuramente uno [&hellip;]<\/p>\n","protected":false},"author":2,"featured_media":0,"parent":0,"menu_order":0,"comment_status":"closed","ping_status":"closed","template":"","meta":{"_et_pb_use_builder":"on","_et_pb_old_content":"","_et_gb_content_width":""},"_links":{"self":[{"href":"https:\/\/medi-lite.com\/index.php\/wp-json\/wp\/v2\/pages\/1996"}],"collection":[{"href":"https:\/\/medi-lite.com\/index.php\/wp-json\/wp\/v2\/pages"}],"about":[{"href":"https:\/\/medi-lite.com\/index.php\/wp-json\/wp\/v2\/types\/page"}],"author":[{"embeddable":true,"href":"https:\/\/medi-lite.com\/index.php\/wp-json\/wp\/v2\/users\/2"}],"replies":[{"embeddable":true,"href":"https:\/\/medi-lite.com\/index.php\/wp-json\/wp\/v2\/comments?post=1996"}],"version-history":[{"count":10,"href":"https:\/\/medi-lite.com\/index.php\/wp-json\/wp\/v2\/pages\/1996\/revisions"}],"predecessor-version":[{"id":2069,"href":"https:\/\/medi-lite.com\/index.php\/wp-json\/wp\/v2\/pages\/1996\/revisions\/2069"}],"wp:attachment":[{"href":"https:\/\/medi-lite.com\/index.php\/wp-json\/wp\/v2\/media?parent=1996"}],"curies":[{"name":"wp","href":"https:\/\/api.w.org\/{rel}","templated":true}]}}